{"id":74,"date":"2024-11-14T08:24:26","date_gmt":"2024-11-14T08:24:26","guid":{"rendered":"https:\/\/vortexgenesisai.pro\/?page_id=74"},"modified":"2025-06-13T10:46:21","modified_gmt":"2025-06-13T10:46:21","slug":"politique-des-donnees","status":"publish","type":"page","link":"https:\/\/vortexgenesisai.pro\/fr\/data-policy\/","title":{"rendered":"Politique des donn\u00e9es"},"content":{"rendered":"<div data-elementor-type=\"wp-page\" data-elementor-id=\"74\" class=\"elementor elementor-74\" data-elementor-post-type=\"page\">\n\t\t\t\t\t\t<section class=\"elementor-section elementor-top-section elementor-element elementor-element-54970edd elementor-section-boxed elementor-section-height-default elementor-section-height-default\" data-id=\"54970edd\" data-element_type=\"section\" data-e-type=\"section\">\n\t\t\t\t\t\t<div class=\"elementor-container elementor-column-gap-default\">\n\t\t\t\t\t<div class=\"elementor-column elementor-col-100 elementor-top-column elementor-element elementor-element-69ca27e0\" data-id=\"69ca27e0\" data-element_type=\"column\" data-e-type=\"column\">\n\t\t\t<div class=\"elementor-widget-wrap elementor-element-populated\">\n\t\t\t\t\t\t<div class=\"elementor-element elementor-element-d13229a elementor-widget elementor-widget-heading\" data-id=\"d13229a\" data-element_type=\"widget\" data-e-type=\"widget\" data-widget_type=\"heading.default\">\n\t\t\t\t<div class=\"elementor-widget-container\">\n\t\t\t\t\t<h1 class=\"elementor-heading-title elementor-size-default\">Avis de confidentialit\u00e9 des donn\u00e9es\n<\/h1>\t\t\t\t<\/div>\n\t\t\t\t<\/div>\n\t\t\t\t<div class=\"elementor-element elementor-element-7e55de7f elementor-drop-cap-yes elementor-drop-cap-view-default elementor-widget elementor-widget-text-editor\" data-id=\"7e55de7f\" data-element_type=\"widget\" data-e-type=\"widget\" data-settings=\"{&quot;drop_cap&quot;:&quot;yes&quot;}\" data-widget_type=\"text-editor.default\">\n\t\t\t\t<div class=\"elementor-widget-container\">\n\t\t\t\t\t\t\t\t\t<p class=\"translation-block\">Bienvenue sur Vortex Genesis Ai, votre plateforme de r\u00e9f\u00e9rence pour les signaux de trading automatis\u00e9s. En utilisant nos services, vous acceptez les pr\u00e9sentes Conditions g\u00e9n\u00e9rales. Veuillez les lire attentivement avant toute transaction ou abonnement.<\/p>\t\t\t\t\t\t\t\t<\/div>\n\t\t\t\t<\/div>\n\t\t\t\t<div class=\"elementor-element elementor-element-7c4a9219 elementor-widget elementor-widget-text-editor\" data-id=\"7c4a9219\" data-element_type=\"widget\" data-e-type=\"widget\" data-widget_type=\"text-editor.default\">\n\t\t\t\t<div class=\"elementor-widget-container\">\n\t\t\t\t\t\t\t\t\t<p>Acceptation des conditions En acc\u00e9dant ou en utilisant <strong>Vortex Genesis Ai<\/strong>, vous reconnaissez avoir lu, compris et accept\u00e9 de vous conformer aux pr\u00e9sentes conditions g\u00e9n\u00e9rales. Si vous n'\u00eates pas d'accord avec une partie de ces conditions, vous ne devez pas utiliser nos services. Description des prestations,<b> Vortex Genesis Ai<\/b><b>\u00a0<\/b>fournit des robots de trading en ligne pour divers march\u00e9s financiers. Nos algorithmes propri\u00e9taires g\u00e9n\u00e8rent des transactions bas\u00e9es sur une analyse de march\u00e9. Cependant, veuillez noter que les performances pass\u00e9es ne garantissent pas les r\u00e9sultats futurs et que le trading comporte des risques.<\/p>\t\t\t\t\t\t\t\t<\/div>\n\t\t\t\t<\/div>\n\t\t\t\t<div class=\"elementor-element elementor-element-e767034 elementor-widget elementor-widget-text-editor\" data-id=\"e767034\" data-element_type=\"widget\" data-e-type=\"widget\" data-widget_type=\"text-editor.default\">\n\t\t\t\t<div class=\"elementor-widget-container\">\n\t\t\t\t\t\t\t\t\t<p class=\"translation-block\">Conditions d'utilisation\u00a0: Vous devez \u00eatre \u00e2g\u00e9 d'au moins 18\u00a0ans et avoir la capacit\u00e9 juridique de conclure des contrats pour utiliser nos services. En acc\u00e9dant \u00e0 <strong>Vortex Genesis Ai<\/strong>, vous confirmez remplir ces conditions et \u00eates responsable du respect des lois et r\u00e9glementations applicables dans votre juridiction.<\/p>\t\t\t\t\t\t\t\t<\/div>\n\t\t\t\t<\/div>\n\t\t\t\t<div class=\"elementor-element elementor-element-60d4d473 elementor-widget elementor-widget-text-editor\" data-id=\"60d4d473\" data-element_type=\"widget\" data-e-type=\"widget\" data-widget_type=\"text-editor.default\">\n\t\t\t\t<div class=\"elementor-widget-container\">\n\t\t\t\t\t\t\t\t\t<p>Abonnement et paiement Pour acc\u00e9der \u00e0 notre robot\u00a0<a href=\"https:\/\/www.investopedia.com\/terms\/t\/trade-signal.asp\" target=\"_blank\" rel=\"noopener\">signaux de trading<\/a>, vous devrez peut-\u00eatre souscrire \u00e0 l'un de nos forfaits de services. Les frais d'abonnement seront clairement indiqu\u00e9s sur notre site Internet, et vous vous engagez \u00e0 payer les frais sp\u00e9cifi\u00e9s pour la dur\u00e9e choisie. Les paiements ne sont pas remboursables et vous \u00eates responsable de toutes taxes ou frais encourus en relation avec les transactions.<\/p>\t\t\t\t\t\t\t\t<\/div>\n\t\t\t\t<\/div>\n\t\t\t\t<div class=\"elementor-element elementor-element-4ae0425f elementor-widget elementor-widget-text-editor\" data-id=\"4ae0425f\" data-element_type=\"widget\" data-e-type=\"widget\" data-widget_type=\"text-editor.default\">\n\t\t\t\t<div class=\"elementor-widget-container\">\n\t\t\t\t\t\t\t\t\t<p class=\"translation-block\">Risques et responsabilit\u00e9s\u00a0: Le trading comporte des risques financiers. Bien que notre robot s\u2019efforce de fournir des informations pr\u00e9cises, nous ne pouvons garantir les profits ni pr\u00e9venir les pertes. Vous reconnaissez \u00eatre seul responsable des cons\u00e9quences de vos d\u00e9cisions de trading et de toute cons\u00e9quence financi\u00e8re r\u00e9sultant de l\u2019utilisation de nos services. Vortex Genesis Ai, ses soci\u00e9t\u00e9s affili\u00e9es et ses employ\u00e9s ne sauraient \u00eatre tenus responsables des pertes subies lors de l\u2019utilisation de nos services.<\/p>\t\t\t\t\t\t\t\t<\/div>\n\t\t\t\t<\/div>\n\t\t\t\t<div class=\"elementor-element elementor-element-872d6a4 elementor-widget elementor-widget-text-editor\" data-id=\"872d6a4\" data-element_type=\"widget\" data-e-type=\"widget\" data-widget_type=\"text-editor.default\">\n\t\t\t\t<div class=\"elementor-widget-container\">\n\t\t\t\t\t\t\t\t\t<p class=\"translation-block\">Usage personnel uniquement. Les signaux fournis par <strong>Vortex Genesis Ai<\/strong> sont destin\u00e9s \u00e0 votre usage personnel uniquement. Toute redistribution, revente ou exploitation commerciale de nos signaux sans l'autorisation \u00e9crite pr\u00e9alable de <strong>Vortex Genesis Ai<\/strong> est strictement interdite.<\/p>\t\t\t\t\t\t\t\t<\/div>\n\t\t\t\t<\/div>\n\t\t\t\t<div class=\"elementor-element elementor-element-271bfc0e elementor-widget elementor-widget-text-editor\" data-id=\"271bfc0e\" data-element_type=\"widget\" data-e-type=\"widget\" data-widget_type=\"text-editor.default\">\n\t\t\t\t<div class=\"elementor-widget-container\">\n\t\t\t\t\t\t\t\t\t<p class=\"translation-block\">Comportement de l'utilisateur\u00a0: Vous acceptez d'utiliser nos services conform\u00e9ment \u00e0 toutes les lois et r\u00e9glementations applicables. Vous ne devez vous livrer \u00e0 aucune activit\u00e9 susceptible de perturber, d'endommager ou de nuire au fonctionnement de Vortex Genesis Ai ou de ses services associ\u00e9s.<\/p>\t\t\t\t\t\t\t\t<\/div>\n\t\t\t\t<\/div>\n\t\t\t\t<div class=\"elementor-element elementor-element-7f2ad5ed elementor-widget elementor-widget-text-editor\" data-id=\"7f2ad5ed\" data-element_type=\"widget\" data-e-type=\"widget\" data-widget_type=\"text-editor.default\">\n\t\t\t\t<div class=\"elementor-widget-container\">\n\t\t\t\t\t\t\t\t\t<p class=\"translation-block\">Propri\u00e9t\u00e9 intellectuelle. L\u2019ensemble du contenu, y compris, mais sans s\u2019y limiter, les logos, marques, textes, images et logiciels utilis\u00e9s sur <strong>Vortex Genesis Ai<\/strong>, est prot\u00e9g\u00e9 par les lois sur la propri\u00e9t\u00e9 intellectuelle et est la propri\u00e9t\u00e9 exclusive de <strong>Vortex Genesis Ai<\/strong> ou de ses conc\u00e9dants de licence. Vous n\u2019\u00eates pas autoris\u00e9 \u00e0 utiliser, reproduire, modifier ou distribuer ce contenu sans notre autorisation \u00e9crite expresse.<\/p>\t\t\t\t\t\t\t\t<\/div>\n\t\t\t\t<\/div>\n\t\t\t\t<div class=\"elementor-element elementor-element-4a0b7797 elementor-widget elementor-widget-text-editor\" data-id=\"4a0b7797\" data-element_type=\"widget\" data-e-type=\"widget\" data-widget_type=\"text-editor.default\">\n\t\t\t\t<div class=\"elementor-widget-container\">\n\t\t\t\t\t\t\t\t\t<p class=\"translation-block\">R\u00e9siliation des services <strong>Vortex Genesis Ai<\/strong> se r\u00e9serve le droit de suspendre ou de r\u00e9silier votre acc\u00e8s \u00e0 nos services \u00e0 tout moment et pour quelque raison que ce soit, y compris en cas de suspicion de violation des pr\u00e9sentes conditions g\u00e9n\u00e9rales ou de participation \u00e0 des activit\u00e9s frauduleuses.<\/p>\t\t\t\t\t\t\t\t<\/div>\n\t\t\t\t<\/div>\n\t\t\t\t<div class=\"elementor-element elementor-element-4053ef13 elementor-widget elementor-widget-text-editor\" data-id=\"4053ef13\" data-element_type=\"widget\" data-e-type=\"widget\" data-widget_type=\"text-editor.default\">\n\t\t\t\t<div class=\"elementor-widget-container\">\n\t\t\t\t\t\t\t\t\t<p>Modifications des conditions<b> Vortex Genesis Ai <\/b>peut mettre \u00e0 jour ou modifier ces conditions g\u00e9n\u00e9rales \u00e0 tout moment sans pr\u00e9avis. En continuant \u00e0 utiliser nos services apr\u00e8s de tels changements, vous acceptez d'\u00eatre li\u00e9 par les conditions g\u00e9n\u00e9rales mises \u00e0 jour.<\/p>\t\t\t\t\t\t\t\t<\/div>\n\t\t\t\t<\/div>\n\t\t\t\t<div class=\"elementor-element elementor-element-65a7ba0e elementor-widget elementor-widget-text-editor\" data-id=\"65a7ba0e\" data-element_type=\"widget\" data-e-type=\"widget\" data-widget_type=\"text-editor.default\">\n\t\t\t\t<div class=\"elementor-widget-container\">\n\t\t\t\t\t\t\t\t\t<p>Politique de confidentialit\u00e9 Votre vie priv\u00e9e est importante pour nous. Veuillez vous r\u00e9f\u00e9rer \u00e0 notre Politique de confidentialit\u00e9 pour comprendre comment nous collectons, utilisons et prot\u00e9geons vos informations personnelles.<\/p>\t\t\t\t\t\t\t\t<\/div>\n\t\t\t\t<\/div>\n\t\t\t\t<div class=\"elementor-element elementor-element-578605e elementor-widget elementor-widget-text-editor\" data-id=\"578605e\" data-element_type=\"widget\" data-e-type=\"widget\" data-widget_type=\"text-editor.default\">\n\t\t\t\t<div class=\"elementor-widget-container\">\n\t\t\t\t\t\t\t\t\t<p>Loi applicable et juridiction Les pr\u00e9sentes conditions g\u00e9n\u00e9rales doivent \u00eatre r\u00e9gies et interpr\u00e9t\u00e9es conform\u00e9ment aux lois,\u00a0sans \u00e9gard aux principes de conflit de lois. Tout litige d\u00e9coulant de ou li\u00e9 \u00e0 ces conditions sera soumis \u00e0 la comp\u00e9tence exclusive des tribunaux.<\/p>\t\t\t\t\t\t\t\t<\/div>\n\t\t\t\t<\/div>\n\t\t\t\t<div class=\"elementor-element elementor-element-5575c232 elementor-widget elementor-widget-text-editor\" data-id=\"5575c232\" data-element_type=\"widget\" data-e-type=\"widget\" data-widget_type=\"text-editor.default\">\n\t\t\t\t<div class=\"elementor-widget-container\">\n\t\t\t\t\t\t\t\t\t<p>Le robot \u00e0 algorithme de trading\u00a0<b>n\u00e9cessite le logiciel de trading MetaTrader 5 et un service de courtier<\/b>\u00a0pour ex\u00e9cuter les ordres d\u2019achat et de vente et fournir des liquidit\u00e9s en cas de besoin.<\/p>\t\t\t\t\t\t\t\t<\/div>\n\t\t\t\t<\/div>\n\t\t\t\t<div class=\"elementor-element elementor-element-4ed66a2f elementor-widget elementor-widget-text-editor\" data-id=\"4ed66a2f\" data-element_type=\"widget\" data-e-type=\"widget\" data-widget_type=\"text-editor.default\">\n\t\t\t\t<div class=\"elementor-widget-container\">\n\t\t\t\t\t\t\t\t\t<p><b>le client doit lire et accepter les termes et conditions du courtier.<\/b><\/p>\t\t\t\t\t\t\t\t<\/div>\n\t\t\t\t<\/div>\n\t\t\t\t<div class=\"elementor-element elementor-element-04a5b38 elementor-widget elementor-widget-text-editor\" data-id=\"04a5b38\" data-element_type=\"widget\" data-e-type=\"widget\" data-widget_type=\"text-editor.default\">\n\t\t\t\t<div class=\"elementor-widget-container\">\n\t\t\t\t\t\t\t\t\t<p>Si vous avez des questions concernant la confidentialit\u00e9 lors de l'utilisation de l'Application, ou si vous avez des questions sur les pratiques, veuillez contacter le fournisseur de services par e-mail \u00e0 l'adresse <a href=\"mailto:support@vortexgenesisiai.pro\"><strong>support@vortexgenesisiai.pro<\/strong><\/a><\/p>\t\t\t\t\t\t\t\t<\/div>\n\t\t\t\t<\/div>\n\t\t\t\t\t<\/div>\n\t\t<\/div>\n\t\t\t\t\t<\/div>\n\t\t<\/section>\n\t\t\t\t<\/div>","protected":false},"excerpt":{"rendered":"<p>Data Privacy Notice Welcome to Vortex Genesis Ai, your premier destination for automated robot trading signals. By using our services, you agree to be bound by the following Terms and Conditions. Please read them carefully before proceeding with any transactions or subscriptions. Acceptance of Terms By accessing or using Vortex Genesis Ai, you acknowledge that [&hellip;]<\/p>\n","protected":false},"author":1,"featured_media":0,"parent":0,"menu_order":0,"comment_status":"closed","ping_status":"closed","template":"","meta":{"footnotes":""},"class_list":["post-74","page","type-page","status-publish","hentry"],"_links":{"self":[{"href":"https:\/\/vortexgenesisai.pro\/fr\/wp-json\/wp\/v2\/pages\/74","targetHints":{"allow":["GET"]}}],"collection":[{"href":"https:\/\/vortexgenesisai.pro\/fr\/wp-json\/wp\/v2\/pages"}],"about":[{"href":"https:\/\/vortexgenesisai.pro\/fr\/wp-json\/wp\/v2\/types\/page"}],"author":[{"embeddable":true,"href":"https:\/\/vortexgenesisai.pro\/fr\/wp-json\/wp\/v2\/users\/1"}],"replies":[{"embeddable":true,"href":"https:\/\/vortexgenesisai.pro\/fr\/wp-json\/wp\/v2\/comments?post=74"}],"version-history":[{"count":31,"href":"https:\/\/vortexgenesisai.pro\/fr\/wp-json\/wp\/v2\/pages\/74\/revisions"}],"predecessor-version":[{"id":1534,"href":"https:\/\/vortexgenesisai.pro\/fr\/wp-json\/wp\/v2\/pages\/74\/revisions\/1534"}],"wp:attachment":[{"href":"https:\/\/vortexgenesisai.pro\/fr\/wp-json\/wp\/v2\/media?parent=74"}],"curies":[{"name":"wp","href":"https:\/\/api.w.org\/{rel}","templated":true}]}}