{"id":72,"date":"2024-11-14T08:23:55","date_gmt":"2024-11-14T08:23:55","guid":{"rendered":"https:\/\/vortexgenesisai.pro\/?page_id=72"},"modified":"2025-06-13T08:06:06","modified_gmt":"2025-06-13T08:06:06","slug":"accord-dutilisation","status":"publish","type":"page","link":"https:\/\/vortexgenesisai.pro\/fr\/user-agreement\/","title":{"rendered":"Accord d'utilisation"},"content":{"rendered":"<div data-elementor-type=\"wp-page\" data-elementor-id=\"72\" class=\"elementor elementor-72\" data-elementor-post-type=\"page\">\n\t\t\t\t\t\t<section class=\"elementor-section elementor-top-section elementor-element elementor-element-713a261e elementor-section-boxed elementor-section-height-default elementor-section-height-default\" data-id=\"713a261e\" data-element_type=\"section\" data-e-type=\"section\">\n\t\t\t\t\t\t<div class=\"elementor-container elementor-column-gap-default\">\n\t\t\t\t\t<div class=\"elementor-column elementor-col-100 elementor-top-column elementor-element elementor-element-33952686\" data-id=\"33952686\" data-element_type=\"column\" data-e-type=\"column\">\n\t\t\t<div class=\"elementor-widget-wrap elementor-element-populated\">\n\t\t\t\t\t\t<div class=\"elementor-element elementor-element-b26b150 elementor-widget elementor-widget-heading\" data-id=\"b26b150\" data-element_type=\"widget\" data-e-type=\"widget\" data-widget_type=\"heading.default\">\n\t\t\t\t<div class=\"elementor-widget-container\">\n\t\t\t\t\t<h1 class=\"elementor-heading-title elementor-size-default\">TERMES ET CONDITIONS<\/h1>\t\t\t\t<\/div>\n\t\t\t\t<\/div>\n\t\t\t\t<div class=\"elementor-element elementor-element-321ac50 elementor-drop-cap-yes elementor-drop-cap-view-default elementor-widget elementor-widget-text-editor\" data-id=\"321ac50\" data-element_type=\"widget\" data-e-type=\"widget\" data-settings=\"{&quot;drop_cap&quot;:&quot;yes&quot;}\" data-widget_type=\"text-editor.default\">\n\t\t\t\t<div class=\"elementor-widget-container\">\n\t\t\t\t\t\t\t\t\t<p>Cette politique de confidentialit\u00e9 s'applique \u00e0\u00a0<a href=\"https:\/\/vortexgenesisai.pro\/fr\/\"><strong>Vortex Genesis Ai<\/strong>\u00a0<\/a>(ci-apr\u00e8s d\u00e9nomm\u00e9e \u00ab Application \u00bb) pour les appareils mobiles (ci-apr\u00e8s d\u00e9nomm\u00e9 \u00ab Fournisseur de services \u00bb) en tant que service gratuit. Ce service est destin\u00e9 \u00e0 \u00eatre utilis\u00e9 \u00ab TEL QUEL \u00bb.<\/p>\t\t\t\t\t\t\t\t<\/div>\n\t\t\t\t<\/div>\n\t\t\t\t<div class=\"elementor-element elementor-element-1883e86c elementor-widget elementor-widget-heading\" data-id=\"1883e86c\" data-element_type=\"widget\" data-e-type=\"widget\" data-widget_type=\"heading.default\">\n\t\t\t\t<div class=\"elementor-widget-container\">\n\t\t\t\t\t<h2 class=\"elementor-heading-title elementor-size-default\">Informations que nous collectons<\/h2>\t\t\t\t<\/div>\n\t\t\t\t<\/div>\n\t\t\t\t<div class=\"elementor-element elementor-element-52cd4b4 elementor-widget elementor-widget-text-editor\" data-id=\"52cd4b4\" data-element_type=\"widget\" data-e-type=\"widget\" data-widget_type=\"text-editor.default\">\n\t\t\t\t<div class=\"elementor-widget-container\">\n\t\t\t\t\t\t\t\t\t<p>Les informations personnelles que vous \u00eates invit\u00e9 \u00e0 fournir, et les raisons pour lesquelles il vous est demand\u00e9 de les fournir, vous seront clairement indiqu\u00e9es au moment o\u00f9 nous vous demanderons de fournir vos informations personnelles.<\/p><p>Si vous nous contactez directement, nous pouvons recevoir des informations suppl\u00e9mentaires vous concernant, telles que votre nom, votre adresse e-mail, votre num\u00e9ro de t\u00e9l\u00e9phone, le contenu du message et\/ou des pi\u00e8ces jointes que vous pouvez nous envoyer, ainsi que toute autre information que vous pouvez choisir de fournir.<\/p><p>Lorsque vous cr\u00e9ez un compte, nous pouvons vous demander vos coordonn\u00e9es, y compris des \u00e9l\u00e9ments tels que votre nom, le nom de votre entreprise, votre adresse, votre adresse e-mail et votre num\u00e9ro de t\u00e9l\u00e9phone.<\/p><p>\u00e0 notre politique de confidentialit\u00e9 et acceptez ses conditions.<\/p>\t\t\t\t\t\t\t\t<\/div>\n\t\t\t\t<\/div>\n\t\t\t\t<div class=\"elementor-element elementor-element-a25050a elementor-widget elementor-widget-heading\" data-id=\"a25050a\" data-element_type=\"widget\" data-e-type=\"widget\" data-widget_type=\"heading.default\">\n\t\t\t\t<div class=\"elementor-widget-container\">\n\t\t\t\t\t<h2 class=\"elementor-heading-title elementor-size-default\">Collecte et utilisation des informations<\/h2>\t\t\t\t<\/div>\n\t\t\t\t<\/div>\n\t\t\t\t<div class=\"elementor-element elementor-element-7f398005 elementor-widget elementor-widget-text-editor\" data-id=\"7f398005\" data-element_type=\"widget\" data-e-type=\"widget\" data-widget_type=\"text-editor.default\">\n\t\t\t\t<div class=\"elementor-widget-container\">\n\t\t\t\t\t\t\t\t\t<p>L'Application collecte des informations lorsque vous la t\u00e9l\u00e9chargez et l'utilisez. Ces informations peuvent inclure des informations telles que<\/p><ul><li>L'adresse de protocole Internet de votre appareil (par exemple, l'adresse IP)<\/li><li>Le temps pass\u00e9 sur l'Application<\/li><li>Le syst\u00e8me d'exploitation que vous utilisez sur votre appareil mobile<br \/>\u00a0<\/li><\/ul><p>L'Application ne collecte pas d'informations pr\u00e9cises sur la localisation de votre appareil mobile.\u00a0<\/p><p>Le fournisseur de services peut utiliser les informations que vous avez fournies pour vous contacter de temps \u00e0 autre afin de vous fournir des informations importantes, les avis requis et des promotions marketing.<\/p><p>Pour une meilleure exp\u00e9rience, lors de l'utilisation de l'Application, le Fournisseur de services peut vous demander de nous fournir certaines informations personnellement identifiables, y compris, mais sans s'y limiter, le pr\u00e9nom, le nom, l'e-mail et le num\u00e9ro de t\u00e9l\u00e9phone. Les informations demand\u00e9es par le fournisseur de services seront conserv\u00e9es par lui et utilis\u00e9es comme d\u00e9crit dans la pr\u00e9sente politique de confidentialit\u00e9.<\/p>\t\t\t\t\t\t\t\t<\/div>\n\t\t\t\t<\/div>\n\t\t\t\t<div class=\"elementor-element elementor-element-6df72357 elementor-widget elementor-widget-heading\" data-id=\"6df72357\" data-element_type=\"widget\" data-e-type=\"widget\" data-widget_type=\"heading.default\">\n\t\t\t\t<div class=\"elementor-widget-container\">\n\t\t\t\t\t<h2 class=\"elementor-heading-title elementor-size-default\">Acc\u00e8s des tiers<\/h2>\t\t\t\t<\/div>\n\t\t\t\t<\/div>\n\t\t\t\t<div class=\"elementor-element elementor-element-1c9a1541 elementor-widget elementor-widget-text-editor\" data-id=\"1c9a1541\" data-element_type=\"widget\" data-e-type=\"widget\" data-widget_type=\"text-editor.default\">\n\t\t\t\t<div class=\"elementor-widget-container\">\n\t\t\t\t\t\t\t\t\t<p>Seules les donn\u00e9es agr\u00e9g\u00e9es et anonymis\u00e9es sont p\u00e9riodiquement transmises \u00e0 des services externes pour aider le Prestataire \u00e0 am\u00e9liorer l'Application et son service. Le fournisseur de services peut partager vos informations avec des tiers de la mani\u00e8re d\u00e9crite dans la pr\u00e9sente d\u00e9claration de confidentialit\u00e9.<\/p><p>Veuillez noter que l'Application utilise des services tiers qui ont leur propre politique de confidentialit\u00e9 concernant le traitement des donn\u00e9es. Vous trouverez ci-dessous les liens vers la Politique de Confidentialit\u00e9 des prestataires de services tiers utilis\u00e9s par l\u2019Application :<\/p><ul><li><a href=\"https:\/\/www.google.com\/policies\/privacy\/\" target=\"_blank\" rel=\"noopener\">Services Google\u00a0Play<\/a><\/li><\/ul><p>Le fournisseur de services peut divulguer les informations fournies par l'utilisateur et collect\u00e9es automatiquement\u00a0:<\/p><ul><li>comme l'exige la loi, par exemple pour se conformer \u00e0 une assignation \u00e0 compara\u00eetre ou \u00e0 une proc\u00e9dure judiciaire similaire\u00a0;<\/li><li>lorsqu'ils croient de bonne foi que la divulgation est n\u00e9cessaire pour prot\u00e9ger leurs droits, prot\u00e9ger votre s\u00e9curit\u00e9 ou celle d'autrui, enqu\u00eater sur une fraude ou r\u00e9pondre \u00e0 une demande du gouvernement\u00a0;<\/li><li>avec leurs fournisseurs de services de confiance qui travaillent en leur nom, n'utilisent pas de mani\u00e8re ind\u00e9pendante les informations que nous leur divulguons et ont accept\u00e9 de respecter les r\u00e8gles \u00e9nonc\u00e9es dans cette d\u00e9claration de confidentialit\u00e9.<\/li><\/ul>\t\t\t\t\t\t\t\t<\/div>\n\t\t\t\t<\/div>\n\t\t\t\t<div class=\"elementor-element elementor-element-23db7f67 elementor-widget elementor-widget-heading\" data-id=\"23db7f67\" data-element_type=\"widget\" data-e-type=\"widget\" data-widget_type=\"heading.default\">\n\t\t\t\t<div class=\"elementor-widget-container\">\n\t\t\t\t\t<h2 class=\"elementor-heading-title elementor-size-default\">Droits de d\u00e9sinscription<\/h2>\t\t\t\t<\/div>\n\t\t\t\t<\/div>\n\t\t\t\t<div class=\"elementor-element elementor-element-40e36ab3 elementor-widget elementor-widget-text-editor\" data-id=\"40e36ab3\" data-element_type=\"widget\" data-e-type=\"widget\" data-widget_type=\"text-editor.default\">\n\t\t\t\t<div class=\"elementor-widget-container\">\n\t\t\t\t\t\t\t\t\t<p>Vous pouvez facilement arr\u00eater toute collecte d\u2019informations par l\u2019application en la d\u00e9sinstallant. Vous pouvez utiliser les processus de d\u00e9sinstallation standard disponibles sur votre appareil mobile ou via le march\u00e9 ou le r\u00e9seau d'applications mobiles.<\/p>\t\t\t\t\t\t\t\t<\/div>\n\t\t\t\t<\/div>\n\t\t\t\t<div class=\"elementor-element elementor-element-3656bb92 elementor-widget elementor-widget-heading\" data-id=\"3656bb92\" data-element_type=\"widget\" data-e-type=\"widget\" data-widget_type=\"heading.default\">\n\t\t\t\t<div class=\"elementor-widget-container\">\n\t\t\t\t\t<h2 class=\"elementor-heading-title elementor-size-default\">Politique de conservation des donn\u00e9es<\/h2>\t\t\t\t<\/div>\n\t\t\t\t<\/div>\n\t\t\t\t<div class=\"elementor-element elementor-element-46317d70 elementor-widget elementor-widget-text-editor\" data-id=\"46317d70\" data-element_type=\"widget\" data-e-type=\"widget\" data-widget_type=\"text-editor.default\">\n\t\t\t\t<div class=\"elementor-widget-container\">\n\t\t\t\t\t\t\t\t\t<p>Le fournisseur de services conservera les donn\u00e9es fournies par l'utilisateur aussi longtemps que vous utiliserez l'application et pendant une dur\u00e9e raisonnable par la suite. Si vous souhaitez qu'ils suppriment les donn\u00e9es fournies par l'utilisateur que vous avez fournies via l'application, veuillez les contacter \u00e0 <a href=\"mailto:support@vortexgenesisiai.pro\"><strong>support@vortexgenesisiai.pro<\/strong><\/a>\u00a0et ils r\u00e9pondront dans un d\u00e9lai raisonnable.<\/p>\t\t\t\t\t\t\t\t<\/div>\n\t\t\t\t<\/div>\n\t\t\t\t<div class=\"elementor-element elementor-element-41327e3b elementor-widget elementor-widget-heading\" data-id=\"41327e3b\" data-element_type=\"widget\" data-e-type=\"widget\" data-widget_type=\"heading.default\">\n\t\t\t\t<div class=\"elementor-widget-container\">\n\t\t\t\t\t<h2 class=\"elementor-heading-title elementor-size-default\">Enfants<\/h2>\t\t\t\t<\/div>\n\t\t\t\t<\/div>\n\t\t\t\t<div class=\"elementor-element elementor-element-39fda40a elementor-widget elementor-widget-text-editor\" data-id=\"39fda40a\" data-element_type=\"widget\" data-e-type=\"widget\" data-widget_type=\"text-editor.default\">\n\t\t\t\t<div class=\"elementor-widget-container\">\n\t\t\t\t\t\t\t\t\t<p>Le fournisseur de services n'utilise pas l'application pour solliciter sciemment des donn\u00e9es ou commercialiser des donn\u00e9es aupr\u00e8s d'enfants de moins de 18 ans.<\/p><p>L'Application ne s'adresse pas aux personnes de moins de 18 ans. Le Prestataire de services ne collecte pas sciemment d'informations personnellement identifiables aupr\u00e8s d'enfants de moins de 18 ans. Dans le cas o\u00f9 le fournisseur de services d\u00e9couvre qu'un enfant de moins de 18 ans a fourni des informations personnelles, le fournisseur de services les supprimera imm\u00e9diatement de ses serveurs. Si vous \u00eates un parent ou un tuteur et que vous savez que votre enfant nous a fourni des informations personnelles, veuillez contacter le fournisseur de services (<a href=\"mailto:support@vortexgenesisiai.pro\"><strong>support@vortexgenesisiai.pro<\/strong><\/a>) afin qu'ils puissent prendre les mesures n\u00e9cessaires.<\/p>\t\t\t\t\t\t\t\t<\/div>\n\t\t\t\t<\/div>\n\t\t\t\t<div class=\"elementor-element elementor-element-67a3fbbb elementor-widget elementor-widget-heading\" data-id=\"67a3fbbb\" data-element_type=\"widget\" data-e-type=\"widget\" data-widget_type=\"heading.default\">\n\t\t\t\t<div class=\"elementor-widget-container\">\n\t\t\t\t\t<h2 class=\"elementor-heading-title elementor-size-default\">S\u00e9curit\u00e9<\/h2>\t\t\t\t<\/div>\n\t\t\t\t<\/div>\n\t\t\t\t<div class=\"elementor-element elementor-element-447ef9e0 elementor-widget elementor-widget-text-editor\" data-id=\"447ef9e0\" data-element_type=\"widget\" data-e-type=\"widget\" data-widget_type=\"text-editor.default\">\n\t\t\t\t<div class=\"elementor-widget-container\">\n\t\t\t\t\t\t\t\t\t<p>Le Prestataire est soucieux de pr\u00e9server la confidentialit\u00e9 de vos informations. Le fournisseur de services fournit des garanties physiques, \u00e9lectroniques et proc\u00e9durales pour prot\u00e9ger les informations qu'il traite et conserve.<\/p>\t\t\t\t\t\t\t\t<\/div>\n\t\t\t\t<\/div>\n\t\t\t\t<div class=\"elementor-element elementor-element-209c6fb8 elementor-widget elementor-widget-heading\" data-id=\"209c6fb8\" data-element_type=\"widget\" data-e-type=\"widget\" data-widget_type=\"heading.default\">\n\t\t\t\t<div class=\"elementor-widget-container\">\n\t\t\t\t\t<h2 class=\"elementor-heading-title elementor-size-default\">Changements<\/h2>\t\t\t\t<\/div>\n\t\t\t\t<\/div>\n\t\t\t\t<div class=\"elementor-element elementor-element-4f980d71 elementor-widget elementor-widget-text-editor\" data-id=\"4f980d71\" data-element_type=\"widget\" data-e-type=\"widget\" data-widget_type=\"text-editor.default\">\n\t\t\t\t<div class=\"elementor-widget-container\">\n\t\t\t\t\t\t\t\t\t<p>Cette politique de confidentialit\u00e9 peut \u00eatre mise \u00e0 jour de temps \u00e0 autre pour quelque raison que ce soit. Le fournisseur de services vous informera de toute modification apport\u00e9e \u00e0 la politique de confidentialit\u00e9 en mettant \u00e0 jour cette page avec la nouvelle politique de confidentialit\u00e9. Il vous est conseill\u00e9 de consulter r\u00e9guli\u00e8rement cette politique de confidentialit\u00e9 pour toute modification, car la poursuite de l'utilisation vaut approbation de toutes les modifications.<\/p><p>Cette politique de confidentialit\u00e9 est en vigueur \u00e0 compter du 01\/01\/2024<\/p>\t\t\t\t\t\t\t\t<\/div>\n\t\t\t\t<\/div>\n\t\t\t\t<div class=\"elementor-element elementor-element-33124d19 elementor-widget elementor-widget-heading\" data-id=\"33124d19\" data-element_type=\"widget\" data-e-type=\"widget\" data-widget_type=\"heading.default\">\n\t\t\t\t<div class=\"elementor-widget-container\">\n\t\t\t\t\t<h2 class=\"elementor-heading-title elementor-size-default\">Votre consentement<\/h2>\t\t\t\t<\/div>\n\t\t\t\t<\/div>\n\t\t\t\t<div class=\"elementor-element elementor-element-6163c39e elementor-widget elementor-widget-text-editor\" data-id=\"6163c39e\" data-element_type=\"widget\" data-e-type=\"widget\" data-widget_type=\"text-editor.default\">\n\t\t\t\t<div class=\"elementor-widget-container\">\n\t\t\t\t\t\t\t\t\t<p>En utilisant l'Application, vous consentez au traitement de vos informations tel qu'\u00e9nonc\u00e9 dans la pr\u00e9sente Politique de confidentialit\u00e9 maintenant et telle que modifi\u00e9e par nos soins.<\/p>\t\t\t\t\t\t\t\t<\/div>\n\t\t\t\t<\/div>\n\t\t\t\t<div class=\"elementor-element elementor-element-15408827 elementor-widget elementor-widget-heading\" data-id=\"15408827\" data-element_type=\"widget\" data-e-type=\"widget\" data-widget_type=\"heading.default\">\n\t\t\t\t<div class=\"elementor-widget-container\">\n\t\t\t\t\t<h2 class=\"elementor-heading-title elementor-size-default\">Nous contacter<\/h2>\t\t\t\t<\/div>\n\t\t\t\t<\/div>\n\t\t\t\t<div class=\"elementor-element elementor-element-dee609e elementor-widget elementor-widget-text-editor\" data-id=\"dee609e\" data-element_type=\"widget\" data-e-type=\"widget\" data-widget_type=\"text-editor.default\">\n\t\t\t\t<div class=\"elementor-widget-container\">\n\t\t\t\t\t\t\t\t\t<p>Si vous avez des questions concernant la confidentialit\u00e9 lors de l'utilisation de l'Application, ou si vous avez des questions sur les pratiques, veuillez contacter le fournisseur de services par e-mail \u00e0 l'adresse <a href=\"mailto:support@vortexgenesisiai.pro\"><strong>support@vortexgenesisiai.pro<\/strong><\/a><\/p>\t\t\t\t\t\t\t\t<\/div>\n\t\t\t\t<\/div>\n\t\t\t\t\t<\/div>\n\t\t<\/div>\n\t\t\t\t\t<\/div>\n\t\t<\/section>\n\t\t\t\t<\/div>","protected":false},"excerpt":{"rendered":"<p>TERMS AND CONDITIONS This privacy policy applies to the\u00a0Vortex Genesis Ai\u00a0(hereby referred to as \u201cApplication\u201d) for mobile devices (hereby referred to as \u201cService Provider\u201d) as a Free service. This service is intended for use \u201cAS IS\u201d. Information we collect The personal information that you are asked to provide, and the reasons why you are asked [&hellip;]<\/p>\n","protected":false},"author":1,"featured_media":0,"parent":0,"menu_order":0,"comment_status":"closed","ping_status":"closed","template":"","meta":{"footnotes":""},"class_list":["post-72","page","type-page","status-publish","hentry"],"_links":{"self":[{"href":"https:\/\/vortexgenesisai.pro\/fr\/wp-json\/wp\/v2\/pages\/72","targetHints":{"allow":["GET"]}}],"collection":[{"href":"https:\/\/vortexgenesisai.pro\/fr\/wp-json\/wp\/v2\/pages"}],"about":[{"href":"https:\/\/vortexgenesisai.pro\/fr\/wp-json\/wp\/v2\/types\/page"}],"author":[{"embeddable":true,"href":"https:\/\/vortexgenesisai.pro\/fr\/wp-json\/wp\/v2\/users\/1"}],"replies":[{"embeddable":true,"href":"https:\/\/vortexgenesisai.pro\/fr\/wp-json\/wp\/v2\/comments?post=72"}],"version-history":[{"count":40,"href":"https:\/\/vortexgenesisai.pro\/fr\/wp-json\/wp\/v2\/pages\/72\/revisions"}],"predecessor-version":[{"id":1531,"href":"https:\/\/vortexgenesisai.pro\/fr\/wp-json\/wp\/v2\/pages\/72\/revisions\/1531"}],"wp:attachment":[{"href":"https:\/\/vortexgenesisai.pro\/fr\/wp-json\/wp\/v2\/media?parent=72"}],"curies":[{"name":"wp","href":"https:\/\/api.w.org\/{rel}","templated":true}]}}