{"id":14,"date":"2024-11-13T06:41:21","date_gmt":"2024-11-13T06:41:21","guid":{"rendered":"https:\/\/vortexgenesisai.pro\/?page_id=14"},"modified":"2025-06-13T10:48:07","modified_gmt":"2025-06-13T10:48:07","slug":"a-propos-de","status":"publish","type":"page","link":"https:\/\/vortexgenesisai.pro\/fr\/about\/","title":{"rendered":"A propos de"},"content":{"rendered":"<div data-elementor-type=\"wp-page\" data-elementor-id=\"14\" class=\"elementor elementor-14\" data-elementor-post-type=\"page\">\n\t\t\t\t<div class=\"elementor-element elementor-element-b48d33c e-flex e-con-boxed e-con e-parent\" data-id=\"b48d33c\" data-element_type=\"container\" data-e-type=\"container\" data-settings=\"{&quot;background_background&quot;:&quot;classic&quot;}\">\n\t\t\t\t\t<div class=\"e-con-inner\">\n\t\t\t\t<div class=\"elementor-element elementor-element-b9fc07d elementor-widget elementor-widget-heading\" data-id=\"b9fc07d\" data-element_type=\"widget\" data-e-type=\"widget\" data-widget_type=\"heading.default\">\n\t\t\t\t<div class=\"elementor-widget-container\">\n\t\t\t\t\t<h1 class=\"elementor-heading-title elementor-size-default\"> Explorer Vortex Genesis AI<\/h1>\t\t\t\t<\/div>\n\t\t\t\t<\/div>\n\t\t\t\t\t<\/div>\n\t\t\t\t<\/div>\n\t\t<div class=\"elementor-element elementor-element-1a02b99 e-flex e-con-boxed e-con e-parent\" data-id=\"1a02b99\" data-element_type=\"container\" data-e-type=\"container\" data-settings=\"{&quot;background_background&quot;:&quot;classic&quot;}\">\n\t\t\t\t\t<div class=\"e-con-inner\">\n\t\t<div class=\"elementor-element elementor-element-823b22b e-con-full e-flex e-con e-child\" data-id=\"823b22b\" data-element_type=\"container\" data-e-type=\"container\">\n\t\t\t\t<div class=\"elementor-element elementor-element-32140ad elementor-widget elementor-widget-heading\" data-id=\"32140ad\" data-element_type=\"widget\" data-e-type=\"widget\" data-widget_type=\"heading.default\">\n\t\t\t\t<div class=\"elementor-widget-container\">\n\t\t\t\t\t<h2 class=\"elementor-heading-title elementor-size-default\">Qu'est-ce que le syst\u00e8me d'informatique en nuage Genesis de Vortex ?<\/h2>\t\t\t\t<\/div>\n\t\t\t\t<\/div>\n\t\t\t\t<div class=\"elementor-element elementor-element-9312566 elementor-widget elementor-widget-text-editor\" data-id=\"9312566\" data-element_type=\"widget\" data-e-type=\"widget\" data-widget_type=\"text-editor.default\">\n\t\t\t\t<div class=\"elementor-widget-container\">\n\t\t\t\t\t\t\t\t\t<p>Les actions sont devenues l'une des options d'investissement les plus recherch\u00e9es dans le monde, surpassant constamment les march\u00e9s traditionnels au cours de la derni\u00e8re d\u00e9cennie. Avec un march\u00e9 op\u00e9rationnel 24 heures sur 24 et 7 jours sur 7, elles offrent aux investisseurs des possibilit\u00e9s in\u00e9gal\u00e9es de tirer parti de la dynamique du march\u00e9.<\/p><p>Vortex Genesis AI est \u00e0 l'avant-garde de cette \u00e9volution, tirant parti d'une technologie de pointe pour renforcer les capacit\u00e9s des n\u00e9gociateurs sur les march\u00e9s des actions et des actifs num\u00e9riques. Depuis sa cr\u00e9ation, la plateforme a r\u00e9volutionn\u00e9 la n\u00e9gociation en offrant un syst\u00e8me robuste con\u00e7u pour maximiser le succ\u00e8s dans cette ar\u00e8ne en constante \u00e9volution.<\/p><p>Gr\u00e2ce \u00e0 notre technologie exclusive et \u00e0 un logiciel intuitif bas\u00e9 sur l'IA, Vortex Genesis AI fournit des signaux de trading pr\u00e9cis et en temps r\u00e9el. Valid\u00e9s par des traders exp\u00e9riment\u00e9s, ces signaux garantissent exactitude et fiabilit\u00e9, permettant aux utilisateurs de naviguer sur le march\u00e9 en toute confiance. Avec plus de 100 actifs disponibles, nos algorithmes avanc\u00e9s analysent les donn\u00e9es de march\u00e9 pour identifier les opportunit\u00e9s rentables, simplifiant ainsi le processus de trading pour tous.<\/p><p>Ce qui distingue Vortex Genesis AI, c'est sa facilit\u00e9 d'utilisation. Avec un minimum de donn\u00e9es, les n\u00e9gociants peuvent r\u00e9aliser des profits consid\u00e9rables. En d\u00e9finissant leurs pr\u00e9f\u00e9rences de n\u00e9gociation, le syst\u00e8me prend en charge l'analyse des march\u00e9s, la g\u00e9n\u00e9ration de signaux rentables et l'ex\u00e9cution automatique des transactions en quelques clics seulement.<\/p><p>Que vous soyez un investisseur novice ou chevronn\u00e9, Vortex Genesis AI vous offre une fa\u00e7on transparente, efficace et rentable de vous engager sur les march\u00e9s dynamiques des actions et des actifs num\u00e9riques.<\/p>\t\t\t\t\t\t\t\t<\/div>\n\t\t\t\t<\/div>\n\t\t\t\t<\/div>\n\t\t\t\t\t<\/div>\n\t\t\t\t<\/div>\n\t\t<div class=\"elementor-element elementor-element-792baaf e-flex e-con-boxed e-con e-parent\" data-id=\"792baaf\" data-element_type=\"container\" data-e-type=\"container\">\n\t\t\t\t\t<div class=\"e-con-inner\">\n\t\t<div class=\"elementor-element elementor-element-000d95a e-con-full e-flex e-con e-child\" data-id=\"000d95a\" data-element_type=\"container\" data-e-type=\"container\">\n\t\t\t\t<div class=\"elementor-element elementor-element-4931f46 elementor-widget elementor-widget-heading\" data-id=\"4931f46\" data-element_type=\"widget\" data-e-type=\"widget\" data-widget_type=\"heading.default\">\n\t\t\t\t<div class=\"elementor-widget-container\">\n\t\t\t\t\t<h2 class=\"elementor-heading-title elementor-size-default\">R\u00e9volutionnez la n\u00e9gociation avec l'IA de Vortex Genesis<\/h2>\t\t\t\t<\/div>\n\t\t\t\t<\/div>\n\t\t\t\t<div class=\"elementor-element elementor-element-56377e3 elementor-widget-divider--view-line elementor-widget elementor-widget-divider\" data-id=\"56377e3\" data-element_type=\"widget\" data-e-type=\"widget\" data-widget_type=\"divider.default\">\n\t\t\t\t<div class=\"elementor-widget-container\">\n\t\t\t\t\t\t\t<div class=\"elementor-divider\">\n\t\t\t<span class=\"elementor-divider-separator\">\n\t\t\t\t\t\t<\/span>\n\t\t<\/div>\n\t\t\t\t\t\t<\/div>\n\t\t\t\t<\/div>\n\t\t\t\t<div class=\"elementor-element elementor-element-6c67d4e elementor-widget elementor-widget-text-editor\" data-id=\"6c67d4e\" data-element_type=\"widget\" data-e-type=\"widget\" data-widget_type=\"text-editor.default\">\n\t\t\t\t<div class=\"elementor-widget-container\">\n\t\t\t\t\t\t\t\t\t<p>Exploitez la puissance des algorithmes d'IA avanc\u00e9s qui analysent les tendances du march\u00e9 en temps r\u00e9el et ex\u00e9cutent les transactions avec pr\u00e9cision, garantissant une optimisation des profits 24 heures sur 24 et 7 jours sur 7.<\/p>\t\t\t\t\t\t\t\t<\/div>\n\t\t\t\t<\/div>\n\t\t\t\t<\/div>\n\t\t<div class=\"elementor-element elementor-element-dc529dc e-con-full e-flex e-con e-child\" data-id=\"dc529dc\" data-element_type=\"container\" data-e-type=\"container\">\n\t\t\t\t<div class=\"elementor-element elementor-element-80d1386 elementor-widget elementor-widget-heading\" data-id=\"80d1386\" data-element_type=\"widget\" data-e-type=\"widget\" data-widget_type=\"heading.default\">\n\t\t\t\t<div class=\"elementor-widget-container\">\n\t\t\t\t\t<h2 class=\"elementor-heading-title elementor-size-default\">Une s\u00e9curit\u00e9 de niveau bancaire en laquelle vous pouvez avoir confiance<\/h2>\t\t\t\t<\/div>\n\t\t\t\t<\/div>\n\t\t\t\t<div class=\"elementor-element elementor-element-1bb41c8 elementor-widget-divider--view-line elementor-widget elementor-widget-divider\" data-id=\"1bb41c8\" data-element_type=\"widget\" data-e-type=\"widget\" data-widget_type=\"divider.default\">\n\t\t\t\t<div class=\"elementor-widget-container\">\n\t\t\t\t\t\t\t<div class=\"elementor-divider\">\n\t\t\t<span class=\"elementor-divider-separator\">\n\t\t\t\t\t\t<\/span>\n\t\t<\/div>\n\t\t\t\t\t\t<\/div>\n\t\t\t\t<\/div>\n\t\t\t\t<div class=\"elementor-element elementor-element-93c6021 elementor-widget elementor-widget-text-editor\" data-id=\"93c6021\" data-element_type=\"widget\" data-e-type=\"widget\" data-widget_type=\"text-editor.default\">\n\t\t\t\t<div class=\"elementor-widget-container\">\n\t\t\t\t\t\t\t\t\t<p>Chez Vortex Genesis AI, vos actifs et vos donn\u00e9es sont prot\u00e9g\u00e9s par un chiffrement de niveau militaire et une authentification multifactorielle robuste, ce qui garantit une protection de premier ordre en tout temps.<\/p>\t\t\t\t\t\t\t\t<\/div>\n\t\t\t\t<\/div>\n\t\t\t\t<\/div>\n\t\t<div class=\"elementor-element elementor-element-b2cec67 e-con-full e-flex e-con e-child\" data-id=\"b2cec67\" data-element_type=\"container\" data-e-type=\"container\">\n\t\t\t\t<div class=\"elementor-element elementor-element-6271488 elementor-widget elementor-widget-heading\" data-id=\"6271488\" data-element_type=\"widget\" data-e-type=\"widget\" data-widget_type=\"heading.default\">\n\t\t\t\t<div class=\"elementor-widget-container\">\n\t\t\t\t\t<h2 class=\"elementor-heading-title elementor-size-default\">Une exp\u00e9rience de trading mobile sans effort<\/h2>\t\t\t\t<\/div>\n\t\t\t\t<\/div>\n\t\t\t\t<div class=\"elementor-element elementor-element-c0cfe22 elementor-widget-divider--view-line elementor-widget elementor-widget-divider\" data-id=\"c0cfe22\" data-element_type=\"widget\" data-e-type=\"widget\" data-widget_type=\"divider.default\">\n\t\t\t\t<div class=\"elementor-widget-container\">\n\t\t\t\t\t\t\t<div class=\"elementor-divider\">\n\t\t\t<span class=\"elementor-divider-separator\">\n\t\t\t\t\t\t<\/span>\n\t\t<\/div>\n\t\t\t\t\t\t<\/div>\n\t\t\t\t<\/div>\n\t\t\t\t<div class=\"elementor-element elementor-element-20b3ed0 elementor-widget elementor-widget-text-editor\" data-id=\"20b3ed0\" data-element_type=\"widget\" data-e-type=\"widget\" data-widget_type=\"text-editor.default\">\n\t\t\t\t<div class=\"elementor-widget-container\">\n\t\t\t\t\t\t\t\t\t<p>Gardez le contr\u00f4le de vos investissements en tout temps et en tout lieu gr\u00e2ce \u00e0 l'application mobile Genesis AI de Vortex, con\u00e7ue pour fonctionner de fa\u00e7on transparente sur les appareils iOS et Android.<\/p>\t\t\t\t\t\t\t\t<\/div>\n\t\t\t\t<\/div>\n\t\t\t\t<\/div>\n\t\t\t\t\t<\/div>\n\t\t\t\t<\/div>\n\t\t<div class=\"elementor-element elementor-element-26e6d5d e-flex e-con-boxed e-con e-parent\" data-id=\"26e6d5d\" data-element_type=\"container\" data-e-type=\"container\">\n\t\t\t\t\t<div class=\"e-con-inner\">\n\t\t\t\t<div class=\"elementor-element elementor-element-93a7539 elementor-widget elementor-widget-spacer\" data-id=\"93a7539\" data-element_type=\"widget\" data-e-type=\"widget\" data-widget_type=\"spacer.default\">\n\t\t\t\t<div class=\"elementor-widget-container\">\n\t\t\t\t\t\t\t<div class=\"elementor-spacer\">\n\t\t\t<div class=\"elementor-spacer-inner\"><\/div>\n\t\t<\/div>\n\t\t\t\t\t\t<\/div>\n\t\t\t\t<\/div>\n\t\t\t\t<div class=\"elementor-element elementor-element-d574bc1 elementor-widget elementor-widget-heading\" data-id=\"d574bc1\" data-element_type=\"widget\" data-e-type=\"widget\" data-widget_type=\"heading.default\">\n\t\t\t\t<div class=\"elementor-widget-container\">\n\t\t\t\t\t<h2 class=\"elementor-heading-title elementor-size-default\">Simplifier l'investissement gr\u00e2ce \u00e0 l'innovation : Vortex Genesis AI<\/h2>\t\t\t\t<\/div>\n\t\t\t\t<\/div>\n\t\t\t\t\t<\/div>\n\t\t\t\t<\/div>\n\t\t<div class=\"elementor-element elementor-element-5a26240 e-flex e-con-boxed e-con e-parent\" data-id=\"5a26240\" data-element_type=\"container\" data-e-type=\"container\">\n\t\t\t\t\t<div class=\"e-con-inner\">\n\t\t<div class=\"elementor-element elementor-element-bf6af4f e-con-full e-flex e-con e-child\" data-id=\"bf6af4f\" data-element_type=\"container\" data-e-type=\"container\">\n\t\t\t\t<div class=\"elementor-element elementor-element-672c170 elementor-widget elementor-widget-text-editor\" data-id=\"672c170\" data-element_type=\"widget\" data-e-type=\"widget\" data-widget_type=\"text-editor.default\">\n\t\t\t\t<div class=\"elementor-widget-container\">\n\t\t\t\t\t\t\t\t\t<p>Dans un secteur souvent consid\u00e9r\u00e9 comme complexe et intimidant, Vortex Genesis AI s'impose comme un pilier de l'innovation. Sa cr\u00e9ation marque un engagement \u00e0 combiner les connaissances financi\u00e8res d'experts avec la personnalisation ax\u00e9e sur l'IA, ce qui simplifie plus que jamais le parcours vers la connaissance de l'investissement.<\/p><p>Alliant prouesses technologiques et sens inn\u00e9 de la curiosit\u00e9, Vortex Genesis AI dote ses utilisateurs des outils et des connaissances n\u00e9cessaires pour s'engager en toute confiance sur la voie de l'investissement.<\/p>\t\t\t\t\t\t\t\t<\/div>\n\t\t\t\t<\/div>\n\t\t\t\t<\/div>\n\t\t<div class=\"elementor-element elementor-element-1753d5e e-con-full e-flex e-con e-child\" data-id=\"1753d5e\" data-element_type=\"container\" data-e-type=\"container\">\n\t\t\t\t<div class=\"elementor-element elementor-element-96ad110 elementor-widget__width-initial elementor-widget-tablet__width-initial elementor-widget elementor-widget-image\" data-id=\"96ad110\" data-element_type=\"widget\" data-e-type=\"widget\" data-widget_type=\"image.default\">\n\t\t\t\t<div class=\"elementor-widget-container\">\n\t\t\t\t\t\t\t\t\t\t\t\t\t\t\t<img loading=\"lazy\" decoding=\"async\" width=\"740\" height=\"493\" src=\"https:\/\/vortexgenesisai.pro\/wp-content\/uploads\/2024\/11\/people-taking-part-business-event_23-2149346616.jpg\" class=\"attachment-large size-large wp-image-91\" alt=\"les personnes qui prennent part \u00e0 un \u00e9v\u00e9nement d&#039;entreprise_23-\" srcset=\"https:\/\/vortexgenesisai.pro\/wp-content\/uploads\/2024\/11\/people-taking-part-business-event_23-2149346616.jpg 740w, https:\/\/vortexgenesisai.pro\/wp-content\/uploads\/2024\/11\/people-taking-part-business-event_23-2149346616-300x200.jpg 300w\" sizes=\"auto, (max-width: 740px) 100vw, 740px\" \/>\t\t\t\t\t\t\t\t\t\t\t\t\t\t\t<\/div>\n\t\t\t\t<\/div>\n\t\t\t\t<\/div>\n\t\t\t\t\t<\/div>\n\t\t\t\t<\/div>\n\t\t<div class=\"elementor-element elementor-element-b46e640 e-flex e-con-boxed e-con e-parent\" data-id=\"b46e640\" data-element_type=\"container\" data-e-type=\"container\">\n\t\t\t\t\t<div class=\"e-con-inner\">\n\t\t\t\t<div class=\"elementor-element elementor-element-d41bf0a elementor-widget elementor-widget-spacer\" data-id=\"d41bf0a\" data-element_type=\"widget\" data-e-type=\"widget\" data-widget_type=\"spacer.default\">\n\t\t\t\t<div class=\"elementor-widget-container\">\n\t\t\t\t\t\t\t<div class=\"elementor-spacer\">\n\t\t\t<div class=\"elementor-spacer-inner\"><\/div>\n\t\t<\/div>\n\t\t\t\t\t\t<\/div>\n\t\t\t\t<\/div>\n\t\t\t\t\t<\/div>\n\t\t\t\t<\/div>\n\t\t\t\t<\/div>","protected":false},"excerpt":{"rendered":"<p>Explore Vortex Genesis AI What is the Vortex Genesis AI Cloud System? Stocks have become one of the most sought-after investment options worldwide, consistently outperforming traditional markets over the past decade. With a 24\/7 operational market, they offer unparalleled opportunities for investors to capitalize on market dynamics. Vortex Genesis AI is at the forefront of [&hellip;]<\/p>\n","protected":false},"author":1,"featured_media":0,"parent":0,"menu_order":0,"comment_status":"closed","ping_status":"closed","template":"","meta":{"footnotes":""},"class_list":["post-14","page","type-page","status-publish","hentry"],"_links":{"self":[{"href":"https:\/\/vortexgenesisai.pro\/fr\/wp-json\/wp\/v2\/pages\/14","targetHints":{"allow":["GET"]}}],"collection":[{"href":"https:\/\/vortexgenesisai.pro\/fr\/wp-json\/wp\/v2\/pages"}],"about":[{"href":"https:\/\/vortexgenesisai.pro\/fr\/wp-json\/wp\/v2\/types\/page"}],"author":[{"embeddable":true,"href":"https:\/\/vortexgenesisai.pro\/fr\/wp-json\/wp\/v2\/users\/1"}],"replies":[{"embeddable":true,"href":"https:\/\/vortexgenesisai.pro\/fr\/wp-json\/wp\/v2\/comments?post=14"}],"version-history":[{"count":61,"href":"https:\/\/vortexgenesisai.pro\/fr\/wp-json\/wp\/v2\/pages\/14\/revisions"}],"predecessor-version":[{"id":1537,"href":"https:\/\/vortexgenesisai.pro\/fr\/wp-json\/wp\/v2\/pages\/14\/revisions\/1537"}],"wp:attachment":[{"href":"https:\/\/vortexgenesisai.pro\/fr\/wp-json\/wp\/v2\/media?parent=14"}],"curies":[{"name":"wp","href":"https:\/\/api.w.org\/{rel}","templated":true}]}}