{"id":74,"date":"2024-11-14T08:24:26","date_gmt":"2024-11-14T08:24:26","guid":{"rendered":"https:\/\/vortexgenesisai.pro\/?page_id=74"},"modified":"2025-06-13T10:46:21","modified_gmt":"2025-06-13T10:46:21","slug":"datenpolitik","status":"publish","type":"page","link":"https:\/\/vortexgenesisai.pro\/de\/data-policy\/","title":{"rendered":"Datenpolitik"},"content":{"rendered":"<div data-elementor-type=\"wp-page\" data-elementor-id=\"74\" class=\"elementor elementor-74\" data-elementor-post-type=\"page\">\n\t\t\t\t\t\t<section class=\"elementor-section elementor-top-section elementor-element elementor-element-54970edd elementor-section-boxed elementor-section-height-default elementor-section-height-default\" data-id=\"54970edd\" data-element_type=\"section\" data-e-type=\"section\">\n\t\t\t\t\t\t<div class=\"elementor-container elementor-column-gap-default\">\n\t\t\t\t\t<div class=\"elementor-column elementor-col-100 elementor-top-column elementor-element elementor-element-69ca27e0\" data-id=\"69ca27e0\" data-element_type=\"column\" data-e-type=\"column\">\n\t\t\t<div class=\"elementor-widget-wrap elementor-element-populated\">\n\t\t\t\t\t\t<div class=\"elementor-element elementor-element-d13229a elementor-widget elementor-widget-heading\" data-id=\"d13229a\" data-element_type=\"widget\" data-e-type=\"widget\" data-widget_type=\"heading.default\">\n\t\t\t\t<div class=\"elementor-widget-container\">\n\t\t\t\t\t<h1 class=\"elementor-heading-title elementor-size-default\">Datenschutzhinweis\n<\/h1>\t\t\t\t<\/div>\n\t\t\t\t<\/div>\n\t\t\t\t<div class=\"elementor-element elementor-element-7e55de7f elementor-drop-cap-yes elementor-drop-cap-view-default elementor-widget elementor-widget-text-editor\" data-id=\"7e55de7f\" data-element_type=\"widget\" data-e-type=\"widget\" data-settings=\"{&quot;drop_cap&quot;:&quot;yes&quot;}\" data-widget_type=\"text-editor.default\">\n\t\t\t\t<div class=\"elementor-widget-container\">\n\t\t\t\t\t\t\t\t\t<p class=\"translation-block\">Willkommen bei <strong>Vortex Genesis Ai<\/strong>, Ihrer ersten Adresse f\u00fcr automatisierte Handelssignale. Mit der Nutzung unserer Dienste erkl\u00e4ren Sie sich mit den folgenden Allgemeinen Gesch\u00e4ftsbedingungen einverstanden. Bitte lesen Sie diese sorgf\u00e4ltig durch, bevor Sie Transaktionen durchf\u00fchren oder Abonnements abschlie\u00dfen.<\/p>\t\t\t\t\t\t\t\t<\/div>\n\t\t\t\t<\/div>\n\t\t\t\t<div class=\"elementor-element elementor-element-7c4a9219 elementor-widget elementor-widget-text-editor\" data-id=\"7c4a9219\" data-element_type=\"widget\" data-e-type=\"widget\" data-widget_type=\"text-editor.default\">\n\t\t\t\t<div class=\"elementor-widget-container\">\n\t\t\t\t\t\t\t\t\t<p>Annahme der Bedingungen durch Zugriff oder Nutzung <strong>Vortex Genesis Ai<\/strong>best\u00e4tigen Sie, dass Sie diese Allgemeinen Gesch\u00e4ftsbedingungen gelesen und verstanden haben und mit deren Einhaltung einverstanden sind. Wenn Sie mit irgendeinem Teil dieser Bedingungen nicht einverstanden sind, d\u00fcrfen Sie unsere Dienste nicht nutzen. Beschreibung der Leistungen,<b> Vortex Genesis Ai<\/b><b>\u00a0<\/b>bietet Online-Handelsroboter f\u00fcr verschiedene Finanzm\u00e4rkte. Unsere propriet\u00e4ren Algorithmen generieren den Handel basierend auf Marktanalysen. Bitte beachten Sie jedoch, dass die Wertentwicklung in der Vergangenheit keine Garantie f\u00fcr zuk\u00fcnftige Ergebnisse darstellt und der Handel mit Risiken verbunden ist.<\/p>\t\t\t\t\t\t\t\t<\/div>\n\t\t\t\t<\/div>\n\t\t\t\t<div class=\"elementor-element elementor-element-e767034 elementor-widget elementor-widget-text-editor\" data-id=\"e767034\" data-element_type=\"widget\" data-e-type=\"widget\" data-widget_type=\"text-editor.default\">\n\t\t\t\t<div class=\"elementor-widget-container\">\n\t\t\t\t\t\t\t\t\t<p class=\"translation-block\">Teilnahmeberechtigung: Sie m\u00fcssen mindestens 18 Jahre alt und rechtlich berechtigt sein, Vertr\u00e4ge abzuschlie\u00dfen, um unsere Dienste nutzen zu k\u00f6nnen. Mit dem Zugriff auf <strong>Vortex Genesis Ai<\/strong> best\u00e4tigen Sie, dass Sie diese Voraussetzungen erf\u00fcllen und f\u00fcr die Einhaltung aller geltenden Gesetze und Vorschriften in Ihrem Zust\u00e4ndigkeitsbereich verantwortlich sind.<\/p>\t\t\t\t\t\t\t\t<\/div>\n\t\t\t\t<\/div>\n\t\t\t\t<div class=\"elementor-element elementor-element-60d4d473 elementor-widget elementor-widget-text-editor\" data-id=\"60d4d473\" data-element_type=\"widget\" data-e-type=\"widget\" data-widget_type=\"text-editor.default\">\n\t\t\t\t<div class=\"elementor-widget-container\">\n\t\t\t\t\t\t\t\t\t<p>Abonnement und Zahlung Um auf unseren Roboter zuzugreifen\u00a0<a href=\"https:\/\/www.investopedia.com\/terms\/t\/trade-signal.asp\" target=\"_blank\" rel=\"noopener\">Handelssignale<\/a>M\u00f6glicherweise m\u00fcssen Sie einen unserer Servicepl\u00e4ne abonnieren. Die Abonnementgeb\u00fchren werden auf unserer Website deutlich angegeben und Sie erkl\u00e4ren sich damit einverstanden, die angegebenen Geb\u00fchren f\u00fcr die gew\u00e4hlte Laufzeit zu zahlen. Zahlungen sind nicht erstattungsf\u00e4hig und Sie sind f\u00fcr alle Steuern und Geb\u00fchren verantwortlich, die im Zusammenhang mit den Transaktionen anfallen.<\/p>\t\t\t\t\t\t\t\t<\/div>\n\t\t\t\t<\/div>\n\t\t\t\t<div class=\"elementor-element elementor-element-4ae0425f elementor-widget elementor-widget-text-editor\" data-id=\"4ae0425f\" data-element_type=\"widget\" data-e-type=\"widget\" data-widget_type=\"text-editor.default\">\n\t\t\t\t<div class=\"elementor-widget-container\">\n\t\t\t\t\t\t\t\t\t<p class=\"translation-block\">Risiken und Haftung: Der Handel birgt finanzielle Risiken. Obwohl unser Roboter bestrebt ist, genaue Informationen bereitzustellen, k\u00f6nnen wir weder Gewinne garantieren noch Verluste ausschlie\u00dfen. Sie erkennen an, dass Sie allein f\u00fcr die Ergebnisse Ihrer Handelsentscheidungen und alle finanziellen Folgen der Nutzung unserer Dienste verantwortlich sind. <strong>Vortex Genesis Ai<\/strong>, seine verbundenen Unternehmen und Mitarbeiter haften nicht f\u00fcr Verluste, die Ihnen durch die Nutzung unserer Dienste entstehen.<\/p>\t\t\t\t\t\t\t\t<\/div>\n\t\t\t\t<\/div>\n\t\t\t\t<div class=\"elementor-element elementor-element-872d6a4 elementor-widget elementor-widget-text-editor\" data-id=\"872d6a4\" data-element_type=\"widget\" data-e-type=\"widget\" data-widget_type=\"text-editor.default\">\n\t\t\t\t<div class=\"elementor-widget-container\">\n\t\t\t\t\t\t\t\t\t<p class=\"translation-block\">Nur f\u00fcr den pers\u00f6nlichen Gebrauch. Die von <strong>Vortex Genesis Ai<\/strong> bereitgestellten Signale sind ausschlie\u00dflich f\u00fcr Ihren pers\u00f6nlichen Gebrauch bestimmt. Es ist Ihnen strengstens untersagt, unsere Signale ohne vorherige schriftliche Zustimmung von <strong>Vortex Genesis Ai<\/strong> weiterzuverbreiten, weiterzuverkaufen oder anderweitig kommerziell zu nutzen.<\/p>\t\t\t\t\t\t\t\t<\/div>\n\t\t\t\t<\/div>\n\t\t\t\t<div class=\"elementor-element elementor-element-271bfc0e elementor-widget elementor-widget-text-editor\" data-id=\"271bfc0e\" data-element_type=\"widget\" data-e-type=\"widget\" data-widget_type=\"text-editor.default\">\n\t\t\t\t<div class=\"elementor-widget-container\">\n\t\t\t\t\t\t\t\t\t<p class=\"translation-block\">Nutzerverhalten Sie verpflichten sich, unsere Dienste in \u00dcbereinstimmung mit allen geltenden Gesetzen und Vorschriften zu nutzen. Es ist Ihnen untersagt, Aktivit\u00e4ten auszu\u00fcben, die die Funktionalit\u00e4t von <strong>Vortex Genesis Ai\u00a0<\/strong> oder der zugeh\u00f6rigen Dienste st\u00f6ren, besch\u00e4digen oder beeintr\u00e4chtigen k\u00f6nnten.<\/p>\t\t\t\t\t\t\t\t<\/div>\n\t\t\t\t<\/div>\n\t\t\t\t<div class=\"elementor-element elementor-element-7f2ad5ed elementor-widget elementor-widget-text-editor\" data-id=\"7f2ad5ed\" data-element_type=\"widget\" data-e-type=\"widget\" data-widget_type=\"text-editor.default\">\n\t\t\t\t<div class=\"elementor-widget-container\">\n\t\t\t\t\t\t\t\t\t<p class=\"translation-block\">Geistiges Eigentum Alle Inhalte, einschlie\u00dflich, aber nicht beschr\u00e4nkt auf Logos, Marken, Texte, Bilder und Software, die auf <strong>Vortex Genesis Ai<\/strong> verwendet werden, sind urheberrechtlich gesch\u00fctzt und ausschlie\u00dfliches Eigentum von <strong>Vortex Genesis Ai<\/strong> oder seinen Lizenzgebern. Ohne unsere ausdr\u00fcckliche schriftliche Zustimmung d\u00fcrfen Sie keine Inhalte verwenden, vervielf\u00e4ltigen, ver\u00e4ndern oder verbreiten.<\/p>\t\t\t\t\t\t\t\t<\/div>\n\t\t\t\t<\/div>\n\t\t\t\t<div class=\"elementor-element elementor-element-4a0b7797 elementor-widget elementor-widget-text-editor\" data-id=\"4a0b7797\" data-element_type=\"widget\" data-e-type=\"widget\" data-widget_type=\"text-editor.default\">\n\t\t\t\t<div class=\"elementor-widget-container\">\n\t\t\t\t\t\t\t\t\t<p class=\"translation-block\">Beendigung der Dienstleistungen <strong>Vortex Genesis Ai<\/strong> beh\u00e4lt sich das Recht vor, Ihren Zugang zu unseren Dienstleistungen jederzeit und aus beliebigem Grund zu sperren oder zu beenden, einschlie\u00dflich des Verdachts auf einen Versto\u00df gegen diese Allgemeinen Gesch\u00e4ftsbedingungen oder auf betr\u00fcgerische Aktivit\u00e4ten.<\/p>\t\t\t\t\t\t\t\t<\/div>\n\t\t\t\t<\/div>\n\t\t\t\t<div class=\"elementor-element elementor-element-4053ef13 elementor-widget elementor-widget-text-editor\" data-id=\"4053ef13\" data-element_type=\"widget\" data-e-type=\"widget\" data-widget_type=\"text-editor.default\">\n\t\t\t\t<div class=\"elementor-widget-container\">\n\t\t\t\t\t\t\t\t\t<p>\u00c4nderungen der Bedingungen<b> Vortex Genesis Ai <\/b>kann diese Allgemeinen Gesch\u00e4ftsbedingungen jederzeit und ohne vorherige Ank\u00fcndigung aktualisieren oder \u00e4ndern. Durch die weitere Nutzung unserer Dienste nach solchen \u00c4nderungen erkl\u00e4ren Sie sich mit den aktualisierten Allgemeinen Gesch\u00e4ftsbedingungen einverstanden.<\/p>\t\t\t\t\t\t\t\t<\/div>\n\t\t\t\t<\/div>\n\t\t\t\t<div class=\"elementor-element elementor-element-65a7ba0e elementor-widget elementor-widget-text-editor\" data-id=\"65a7ba0e\" data-element_type=\"widget\" data-e-type=\"widget\" data-widget_type=\"text-editor.default\">\n\t\t\t\t<div class=\"elementor-widget-container\">\n\t\t\t\t\t\t\t\t\t<p>Datenschutzrichtlinie Ihre Privatsph\u00e4re ist uns wichtig. Bitte lesen Sie unsere Datenschutzrichtlinie, um zu erfahren, wie wir Ihre pers\u00f6nlichen Daten erfassen, verwenden und sch\u00fctzen.<\/p>\t\t\t\t\t\t\t\t<\/div>\n\t\t\t\t<\/div>\n\t\t\t\t<div class=\"elementor-element elementor-element-578605e elementor-widget elementor-widget-text-editor\" data-id=\"578605e\" data-element_type=\"widget\" data-e-type=\"widget\" data-widget_type=\"text-editor.default\">\n\t\t\t\t<div class=\"elementor-widget-container\">\n\t\t\t\t\t\t\t\t\t<p>Geltendes Recht und Gerichtsstand Diese Allgemeinen Gesch\u00e4ftsbedingungen unterliegen den Gesetzen und werden in \u00dcbereinstimmung mit diesen ausgelegt,\u00a0ohne R\u00fccksicht auf die Grunds\u00e4tze des Kollisionsrechts. Alle Streitigkeiten, die sich aus oder im Zusammenhang mit diesen Bedingungen ergeben, unterliegen der ausschlie\u00dflichen Zust\u00e4ndigkeit der Gerichte.<\/p>\t\t\t\t\t\t\t\t<\/div>\n\t\t\t\t<\/div>\n\t\t\t\t<div class=\"elementor-element elementor-element-5575c232 elementor-widget elementor-widget-text-editor\" data-id=\"5575c232\" data-element_type=\"widget\" data-e-type=\"widget\" data-widget_type=\"text-editor.default\">\n\t\t\t\t<div class=\"elementor-widget-container\">\n\t\t\t\t\t\t\t\t\t<p>Der Handelsalgorithmus-Roboter\u00a0<b>erfordert die Handelssoftware MetaTrader 5 und einen Broker-Service<\/b>\u00a0um Kauf- und Verkaufsauftr\u00e4ge auszuf\u00fchren und bei Bedarf Liquidit\u00e4t bereitzustellen.<\/p>\t\t\t\t\t\t\t\t<\/div>\n\t\t\t\t<\/div>\n\t\t\t\t<div class=\"elementor-element elementor-element-4ed66a2f elementor-widget elementor-widget-text-editor\" data-id=\"4ed66a2f\" data-element_type=\"widget\" data-e-type=\"widget\" data-widget_type=\"text-editor.default\">\n\t\t\t\t<div class=\"elementor-widget-container\">\n\t\t\t\t\t\t\t\t\t<p><b>Der Kunde muss die Gesch\u00e4ftsbedingungen des Maklers lesen und akzeptieren.<\/b><\/p>\t\t\t\t\t\t\t\t<\/div>\n\t\t\t\t<\/div>\n\t\t\t\t<div class=\"elementor-element elementor-element-04a5b38 elementor-widget elementor-widget-text-editor\" data-id=\"04a5b38\" data-element_type=\"widget\" data-e-type=\"widget\" data-widget_type=\"text-editor.default\">\n\t\t\t\t<div class=\"elementor-widget-container\">\n\t\t\t\t\t\t\t\t\t<p>Wenn Sie Fragen zum Datenschutz bei der Nutzung der Anwendung oder Fragen zu den Praktiken haben, wenden Sie sich bitte per E-Mail an den Dienstanbieter unter <a href=\"mailto:support@vortexgenesisiai.pro\"><strong>support@vortexgenesisiai.pro<\/strong><\/a><\/p>\t\t\t\t\t\t\t\t<\/div>\n\t\t\t\t<\/div>\n\t\t\t\t\t<\/div>\n\t\t<\/div>\n\t\t\t\t\t<\/div>\n\t\t<\/section>\n\t\t\t\t<\/div>","protected":false},"excerpt":{"rendered":"<p>Data Privacy Notice Welcome to Vortex Genesis Ai, your premier destination for automated robot trading signals. By using our services, you agree to be bound by the following Terms and Conditions. Please read them carefully before proceeding with any transactions or subscriptions. Acceptance of Terms By accessing or using Vortex Genesis Ai, you acknowledge that [&hellip;]<\/p>\n","protected":false},"author":1,"featured_media":0,"parent":0,"menu_order":0,"comment_status":"closed","ping_status":"closed","template":"","meta":{"footnotes":""},"class_list":["post-74","page","type-page","status-publish","hentry"],"_links":{"self":[{"href":"https:\/\/vortexgenesisai.pro\/de\/wp-json\/wp\/v2\/pages\/74","targetHints":{"allow":["GET"]}}],"collection":[{"href":"https:\/\/vortexgenesisai.pro\/de\/wp-json\/wp\/v2\/pages"}],"about":[{"href":"https:\/\/vortexgenesisai.pro\/de\/wp-json\/wp\/v2\/types\/page"}],"author":[{"embeddable":true,"href":"https:\/\/vortexgenesisai.pro\/de\/wp-json\/wp\/v2\/users\/1"}],"replies":[{"embeddable":true,"href":"https:\/\/vortexgenesisai.pro\/de\/wp-json\/wp\/v2\/comments?post=74"}],"version-history":[{"count":31,"href":"https:\/\/vortexgenesisai.pro\/de\/wp-json\/wp\/v2\/pages\/74\/revisions"}],"predecessor-version":[{"id":1534,"href":"https:\/\/vortexgenesisai.pro\/de\/wp-json\/wp\/v2\/pages\/74\/revisions\/1534"}],"wp:attachment":[{"href":"https:\/\/vortexgenesisai.pro\/de\/wp-json\/wp\/v2\/media?parent=74"}],"curies":[{"name":"wp","href":"https:\/\/api.w.org\/{rel}","templated":true}]}}