{"id":72,"date":"2024-11-14T08:23:55","date_gmt":"2024-11-14T08:23:55","guid":{"rendered":"https:\/\/vortexgenesisai.pro\/?page_id=72"},"modified":"2025-06-13T08:06:06","modified_gmt":"2025-06-13T08:06:06","slug":"benutzervereinbarung","status":"publish","type":"page","link":"https:\/\/vortexgenesisai.pro\/de\/user-agreement\/","title":{"rendered":"Nutzungsvertrag"},"content":{"rendered":"<div data-elementor-type=\"wp-page\" data-elementor-id=\"72\" class=\"elementor elementor-72\" data-elementor-post-type=\"page\">\n\t\t\t\t\t\t<section class=\"elementor-section elementor-top-section elementor-element elementor-element-713a261e elementor-section-boxed elementor-section-height-default elementor-section-height-default\" data-id=\"713a261e\" data-element_type=\"section\" data-e-type=\"section\">\n\t\t\t\t\t\t<div class=\"elementor-container elementor-column-gap-default\">\n\t\t\t\t\t<div class=\"elementor-column elementor-col-100 elementor-top-column elementor-element elementor-element-33952686\" data-id=\"33952686\" data-element_type=\"column\" data-e-type=\"column\">\n\t\t\t<div class=\"elementor-widget-wrap elementor-element-populated\">\n\t\t\t\t\t\t<div class=\"elementor-element elementor-element-b26b150 elementor-widget elementor-widget-heading\" data-id=\"b26b150\" data-element_type=\"widget\" data-e-type=\"widget\" data-widget_type=\"heading.default\">\n\t\t\t\t<div class=\"elementor-widget-container\">\n\t\t\t\t\t<h1 class=\"elementor-heading-title elementor-size-default\">GESCH\u00c4FTSBEDINGUNGEN<\/h1>\t\t\t\t<\/div>\n\t\t\t\t<\/div>\n\t\t\t\t<div class=\"elementor-element elementor-element-321ac50 elementor-drop-cap-yes elementor-drop-cap-view-default elementor-widget elementor-widget-text-editor\" data-id=\"321ac50\" data-element_type=\"widget\" data-e-type=\"widget\" data-settings=\"{&quot;drop_cap&quot;:&quot;yes&quot;}\" data-widget_type=\"text-editor.default\">\n\t\t\t\t<div class=\"elementor-widget-container\">\n\t\t\t\t\t\t\t\t\t<p>Diese Datenschutzerkl\u00e4rung gilt f\u00fcr die\u00a0<a href=\"https:\/\/vortexgenesisai.pro\/de\/\"><strong>Vortex Genesis Ai<\/strong>\u00a0<\/a>(im Folgenden als \u201eAnwendung\u201c bezeichnet) f\u00fcr mobile Ger\u00e4te (im Folgenden als \u201eDienstanbieter\u201c bezeichnet) als kostenloser Dienst. Dieser Dienst ist f\u00fcr die Nutzung \u201eWIE BESEHEN\u201c vorgesehen.<\/p>\t\t\t\t\t\t\t\t<\/div>\n\t\t\t\t<\/div>\n\t\t\t\t<div class=\"elementor-element elementor-element-1883e86c elementor-widget elementor-widget-heading\" data-id=\"1883e86c\" data-element_type=\"widget\" data-e-type=\"widget\" data-widget_type=\"heading.default\">\n\t\t\t\t<div class=\"elementor-widget-container\">\n\t\t\t\t\t<h2 class=\"elementor-heading-title elementor-size-default\">Informationen, die wir sammeln<\/h2>\t\t\t\t<\/div>\n\t\t\t\t<\/div>\n\t\t\t\t<div class=\"elementor-element elementor-element-52cd4b4 elementor-widget elementor-widget-text-editor\" data-id=\"52cd4b4\" data-element_type=\"widget\" data-e-type=\"widget\" data-widget_type=\"text-editor.default\">\n\t\t\t\t<div class=\"elementor-widget-container\">\n\t\t\t\t\t\t\t\t\t<p>Die personenbezogenen Daten, um deren Bereitstellung Sie gebeten werden, und die Gr\u00fcnde, warum Sie zur Bereitstellung dieser Daten aufgefordert werden, werden Ihnen an dem Punkt mitgeteilt, an dem wir Sie um die Angabe Ihrer personenbezogenen Daten bitten.<\/p><p>Wenn Sie uns direkt kontaktieren, erhalten wir m\u00f6glicherweise zus\u00e4tzliche Informationen \u00fcber Sie, wie Ihren Namen, Ihre E-Mail-Adresse, Ihre Telefonnummer, den Inhalt der Nachricht und\/oder der Anh\u00e4nge, die Sie uns senden, sowie alle anderen Informationen, die Sie uns zur Verf\u00fcgung stellen.<\/p><p>Wenn Sie sich f\u00fcr ein Konto registrieren, fragen wir Sie m\u00f6glicherweise nach Ihren Kontaktinformationen, einschlie\u00dflich Angaben wie Name, Firmenname, Adresse, E-Mail-Adresse und Telefonnummer.<\/p><p>Bitte lesen Sie unsere Datenschutzrichtlinie und stimmen Sie deren Bedingungen zu.<\/p>\t\t\t\t\t\t\t\t<\/div>\n\t\t\t\t<\/div>\n\t\t\t\t<div class=\"elementor-element elementor-element-a25050a elementor-widget elementor-widget-heading\" data-id=\"a25050a\" data-element_type=\"widget\" data-e-type=\"widget\" data-widget_type=\"heading.default\">\n\t\t\t\t<div class=\"elementor-widget-container\">\n\t\t\t\t\t<h2 class=\"elementor-heading-title elementor-size-default\">Sammlung und Nutzung von Informationen<\/h2>\t\t\t\t<\/div>\n\t\t\t\t<\/div>\n\t\t\t\t<div class=\"elementor-element elementor-element-7f398005 elementor-widget elementor-widget-text-editor\" data-id=\"7f398005\" data-element_type=\"widget\" data-e-type=\"widget\" data-widget_type=\"text-editor.default\">\n\t\t\t\t<div class=\"elementor-widget-container\">\n\t\t\t\t\t\t\t\t\t<p>Die Anwendung sammelt Informationen, wenn Sie sie herunterladen und verwenden. Zu diesen Informationen k\u00f6nnen Informationen geh\u00f6ren wie z<\/p><ul><li>Die Internetprotokolladresse Ihres Ger\u00e4ts (z. B. IP-Adresse)<\/li><li>Die f\u00fcr die Bewerbung aufgewendete Zeit<\/li><li>Das Betriebssystem, das Sie auf Ihrem Mobilger\u00e4t verwenden<br \/>\u00a0<\/li><\/ul><p>Die Anwendung erfasst keine genauen Informationen \u00fcber den Standort Ihres Mobilger\u00e4ts.\u00a0<\/p><p>Der Dienstanbieter kann die von Ihnen bereitgestellten Informationen verwenden, um Sie von Zeit zu Zeit zu kontaktieren und Ihnen wichtige Informationen, erforderliche Mitteilungen und Marketingaktionen zukommen zu lassen.<\/p><p>F\u00fcr ein besseres Erlebnis bei der Nutzung der Anwendung kann der Dienstanbieter von Ihnen verlangen, dass Sie uns bestimmte personenbezogene Daten zur Verf\u00fcgung stellen, einschlie\u00dflich, aber nicht beschr\u00e4nkt auf, Vorname, Nachname, E-Mail-Adresse und Telefonnummer. Die vom Dienstanbieter angeforderten Informationen werden von ihm gespeichert und wie in dieser Datenschutzrichtlinie beschrieben verwendet.<\/p>\t\t\t\t\t\t\t\t<\/div>\n\t\t\t\t<\/div>\n\t\t\t\t<div class=\"elementor-element elementor-element-6df72357 elementor-widget elementor-widget-heading\" data-id=\"6df72357\" data-element_type=\"widget\" data-e-type=\"widget\" data-widget_type=\"heading.default\">\n\t\t\t\t<div class=\"elementor-widget-container\">\n\t\t\t\t\t<h2 class=\"elementor-heading-title elementor-size-default\">Zugriff Dritter<\/h2>\t\t\t\t<\/div>\n\t\t\t\t<\/div>\n\t\t\t\t<div class=\"elementor-element elementor-element-1c9a1541 elementor-widget elementor-widget-text-editor\" data-id=\"1c9a1541\" data-element_type=\"widget\" data-e-type=\"widget\" data-widget_type=\"text-editor.default\">\n\t\t\t\t<div class=\"elementor-widget-container\">\n\t\t\t\t\t\t\t\t\t<p>Lediglich aggregierte, anonymisierte Daten werden regelm\u00e4\u00dfig an externe Dienste \u00fcbermittelt, um den Dienstanbieter bei der Verbesserung der Anwendung und seines Dienstes zu unterst\u00fctzen. Der Dienstanbieter kann Ihre Daten auf die in dieser Datenschutzerkl\u00e4rung beschriebene Weise an Dritte weitergeben.<\/p><p>Bitte beachten Sie, dass die Anwendung Dienste von Drittanbietern nutzt, die ihre eigenen Datenschutzrichtlinien zum Umgang mit Daten haben. Nachfolgend finden Sie die Links zu den Datenschutzrichtlinien der von der Anwendung verwendeten Drittanbieter:<\/p><ul><li><a href=\"https:\/\/www.google.com\/policies\/privacy\/\" target=\"_blank\" rel=\"noopener\">Google Play-Dienste<\/a><\/li><\/ul><p>Der Dienstanbieter kann vom Benutzer bereitgestellte und automatisch erfasste Informationen offenlegen:<\/p><ul><li>wie gesetzlich vorgeschrieben, beispielsweise um einer Vorladung oder einem \u00e4hnlichen rechtlichen Verfahren nachzukommen;<\/li><li>wenn sie in gutem Glauben davon ausgehen, dass die Offenlegung notwendig ist, um ihre Rechte zu sch\u00fctzen, Ihre Sicherheit oder die Sicherheit anderer zu sch\u00fctzen, Betrug zu untersuchen oder auf eine beh\u00f6rdliche Anfrage zu reagieren;<\/li><li>mit ihren vertrauensw\u00fcrdigen Dienstleistern, die in ihrem Namen arbeiten, keine unabh\u00e4ngige Nutzung der von uns an sie weitergegebenen Informationen haben und sich bereit erkl\u00e4rt haben, die in dieser Datenschutzerkl\u00e4rung dargelegten Regeln einzuhalten.<\/li><\/ul>\t\t\t\t\t\t\t\t<\/div>\n\t\t\t\t<\/div>\n\t\t\t\t<div class=\"elementor-element elementor-element-23db7f67 elementor-widget elementor-widget-heading\" data-id=\"23db7f67\" data-element_type=\"widget\" data-e-type=\"widget\" data-widget_type=\"heading.default\">\n\t\t\t\t<div class=\"elementor-widget-container\">\n\t\t\t\t\t<h2 class=\"elementor-heading-title elementor-size-default\">Opt-Out-Rechte<\/h2>\t\t\t\t<\/div>\n\t\t\t\t<\/div>\n\t\t\t\t<div class=\"elementor-element elementor-element-40e36ab3 elementor-widget elementor-widget-text-editor\" data-id=\"40e36ab3\" data-element_type=\"widget\" data-e-type=\"widget\" data-widget_type=\"text-editor.default\">\n\t\t\t\t<div class=\"elementor-widget-container\">\n\t\t\t\t\t\t\t\t\t<p>Sie k\u00f6nnen die Sammlung von Informationen durch die Anwendung ganz einfach stoppen, indem Sie sie deinstallieren. Sie k\u00f6nnen die Standard-Deinstallationsprozesse verwenden, die m\u00f6glicherweise als Teil Ihres Mobilger\u00e4ts oder \u00fcber den Marktplatz oder das Netzwerk f\u00fcr mobile Anwendungen verf\u00fcgbar sind.<\/p>\t\t\t\t\t\t\t\t<\/div>\n\t\t\t\t<\/div>\n\t\t\t\t<div class=\"elementor-element elementor-element-3656bb92 elementor-widget elementor-widget-heading\" data-id=\"3656bb92\" data-element_type=\"widget\" data-e-type=\"widget\" data-widget_type=\"heading.default\">\n\t\t\t\t<div class=\"elementor-widget-container\">\n\t\t\t\t\t<h2 class=\"elementor-heading-title elementor-size-default\">Richtlinie zur Datenaufbewahrung<\/h2>\t\t\t\t<\/div>\n\t\t\t\t<\/div>\n\t\t\t\t<div class=\"elementor-element elementor-element-46317d70 elementor-widget elementor-widget-text-editor\" data-id=\"46317d70\" data-element_type=\"widget\" data-e-type=\"widget\" data-widget_type=\"text-editor.default\">\n\t\t\t\t<div class=\"elementor-widget-container\">\n\t\t\t\t\t\t\t\t\t<p>Der Dienstanbieter speichert die vom Benutzer bereitgestellten Daten so lange, wie Sie die Anwendung nutzen, und f\u00fcr einen angemessenen Zeitraum danach. Wenn Sie m\u00f6chten, dass die vom Benutzer bereitgestellten Daten, die Sie \u00fcber die Anwendung bereitgestellt haben, gel\u00f6scht werden, kontaktieren Sie sie bitte unter <a href=\"mailto:support@vortexgenesisiai.pro\"><strong>support@vortexgenesisiai.pro<\/strong><\/a>\u00a0und sie werden in angemessener Zeit antworten.<\/p>\t\t\t\t\t\t\t\t<\/div>\n\t\t\t\t<\/div>\n\t\t\t\t<div class=\"elementor-element elementor-element-41327e3b elementor-widget elementor-widget-heading\" data-id=\"41327e3b\" data-element_type=\"widget\" data-e-type=\"widget\" data-widget_type=\"heading.default\">\n\t\t\t\t<div class=\"elementor-widget-container\">\n\t\t\t\t\t<h2 class=\"elementor-heading-title elementor-size-default\">Kinder<\/h2>\t\t\t\t<\/div>\n\t\t\t\t<\/div>\n\t\t\t\t<div class=\"elementor-element elementor-element-39fda40a elementor-widget elementor-widget-text-editor\" data-id=\"39fda40a\" data-element_type=\"widget\" data-e-type=\"widget\" data-widget_type=\"text-editor.default\">\n\t\t\t\t<div class=\"elementor-widget-container\">\n\t\t\t\t\t\t\t\t\t<p>Der Dienstanbieter nutzt die Anwendung nicht, um wissentlich Daten von Kindern unter 18 Jahren anzufordern oder an diese zu vermarkten.<\/p><p>Die Anwendung richtet sich nicht an Personen unter 18 Jahren. Der Dienstanbieter erfasst wissentlich keine personenbezogenen Daten von Kindern unter 18 Jahren. Sollte der Dienstanbieter feststellen, dass ein Kind unter 18 Jahren personenbezogene Daten angegeben hat, wird der Dienstanbieter diese unverz\u00fcglich von seinen Servern l\u00f6schen. Wenn Sie ein Elternteil oder Erziehungsberechtigter sind und wissen, dass Ihr Kind uns personenbezogene Daten zur Verf\u00fcgung gestellt hat, wenden Sie sich bitte an den Dienstleister (<a href=\"mailto:support@vortexgenesisiai.pro\"><strong>support@vortexgenesisiai.pro<\/strong><\/a>), damit sie die notwendigen Ma\u00dfnahmen ergreifen k\u00f6nnen.<\/p>\t\t\t\t\t\t\t\t<\/div>\n\t\t\t\t<\/div>\n\t\t\t\t<div class=\"elementor-element elementor-element-67a3fbbb elementor-widget elementor-widget-heading\" data-id=\"67a3fbbb\" data-element_type=\"widget\" data-e-type=\"widget\" data-widget_type=\"heading.default\">\n\t\t\t\t<div class=\"elementor-widget-container\">\n\t\t\t\t\t<h2 class=\"elementor-heading-title elementor-size-default\">Sicherheit<\/h2>\t\t\t\t<\/div>\n\t\t\t\t<\/div>\n\t\t\t\t<div class=\"elementor-element elementor-element-447ef9e0 elementor-widget elementor-widget-text-editor\" data-id=\"447ef9e0\" data-element_type=\"widget\" data-e-type=\"widget\" data-widget_type=\"text-editor.default\">\n\t\t\t\t<div class=\"elementor-widget-container\">\n\t\t\t\t\t\t\t\t\t<p>Dem Dienstanbieter liegt die Wahrung der Vertraulichkeit Ihrer Daten am Herzen. Der Dienstanbieter stellt physische, elektronische und verfahrenstechnische Sicherheitsvorkehrungen zum Schutz der vom Dienstanbieter verarbeiteten und verwalteten Informationen bereit.<\/p>\t\t\t\t\t\t\t\t<\/div>\n\t\t\t\t<\/div>\n\t\t\t\t<div class=\"elementor-element elementor-element-209c6fb8 elementor-widget elementor-widget-heading\" data-id=\"209c6fb8\" data-element_type=\"widget\" data-e-type=\"widget\" data-widget_type=\"heading.default\">\n\t\t\t\t<div class=\"elementor-widget-container\">\n\t\t\t\t\t<h2 class=\"elementor-heading-title elementor-size-default\">\u00c4nderungen<\/h2>\t\t\t\t<\/div>\n\t\t\t\t<\/div>\n\t\t\t\t<div class=\"elementor-element elementor-element-4f980d71 elementor-widget elementor-widget-text-editor\" data-id=\"4f980d71\" data-element_type=\"widget\" data-e-type=\"widget\" data-widget_type=\"text-editor.default\">\n\t\t\t\t<div class=\"elementor-widget-container\">\n\t\t\t\t\t\t\t\t\t<p>Diese Datenschutzrichtlinie kann von Zeit zu Zeit und aus beliebigem Grund aktualisiert werden. Der Dienstanbieter wird Sie \u00fcber alle \u00c4nderungen der Datenschutzrichtlinie informieren, indem er diese Seite mit der neuen Datenschutzrichtlinie aktualisiert. Wir empfehlen Ihnen, diese Datenschutzrichtlinie regelm\u00e4\u00dfig auf etwaige \u00c4nderungen zu pr\u00fcfen, da die fortgesetzte Nutzung als Zustimmung zu allen \u00c4nderungen gilt.<\/p><p>Diese Datenschutzrichtlinie gilt ab dem 01.01.2024<\/p>\t\t\t\t\t\t\t\t<\/div>\n\t\t\t\t<\/div>\n\t\t\t\t<div class=\"elementor-element elementor-element-33124d19 elementor-widget elementor-widget-heading\" data-id=\"33124d19\" data-element_type=\"widget\" data-e-type=\"widget\" data-widget_type=\"heading.default\">\n\t\t\t\t<div class=\"elementor-widget-container\">\n\t\t\t\t\t<h2 class=\"elementor-heading-title elementor-size-default\">Ihre Zustimmung<\/h2>\t\t\t\t<\/div>\n\t\t\t\t<\/div>\n\t\t\t\t<div class=\"elementor-element elementor-element-6163c39e elementor-widget elementor-widget-text-editor\" data-id=\"6163c39e\" data-element_type=\"widget\" data-e-type=\"widget\" data-widget_type=\"text-editor.default\">\n\t\t\t\t<div class=\"elementor-widget-container\">\n\t\t\t\t\t\t\t\t\t<p>Durch die Nutzung der Anwendung stimmen Sie der Verarbeitung Ihrer Daten gem\u00e4\u00df dieser Datenschutzrichtlinie und der von uns ge\u00e4nderten Fassung zu.<\/p>\t\t\t\t\t\t\t\t<\/div>\n\t\t\t\t<\/div>\n\t\t\t\t<div class=\"elementor-element elementor-element-15408827 elementor-widget elementor-widget-heading\" data-id=\"15408827\" data-element_type=\"widget\" data-e-type=\"widget\" data-widget_type=\"heading.default\">\n\t\t\t\t<div class=\"elementor-widget-container\">\n\t\t\t\t\t<h2 class=\"elementor-heading-title elementor-size-default\">Kontakt<\/h2>\t\t\t\t<\/div>\n\t\t\t\t<\/div>\n\t\t\t\t<div class=\"elementor-element elementor-element-dee609e elementor-widget elementor-widget-text-editor\" data-id=\"dee609e\" data-element_type=\"widget\" data-e-type=\"widget\" data-widget_type=\"text-editor.default\">\n\t\t\t\t<div class=\"elementor-widget-container\">\n\t\t\t\t\t\t\t\t\t<p>Wenn Sie Fragen zum Datenschutz bei der Nutzung der Anwendung oder Fragen zu den Praktiken haben, wenden Sie sich bitte per E-Mail an den Dienstanbieter unter <a href=\"mailto:support@vortexgenesisiai.pro\"><strong>support@vortexgenesisiai.pro<\/strong><\/a><\/p>\t\t\t\t\t\t\t\t<\/div>\n\t\t\t\t<\/div>\n\t\t\t\t\t<\/div>\n\t\t<\/div>\n\t\t\t\t\t<\/div>\n\t\t<\/section>\n\t\t\t\t<\/div>","protected":false},"excerpt":{"rendered":"<p>TERMS AND CONDITIONS This privacy policy applies to the\u00a0Vortex Genesis Ai\u00a0(hereby referred to as \u201cApplication\u201d) for mobile devices (hereby referred to as \u201cService Provider\u201d) as a Free service. This service is intended for use \u201cAS IS\u201d. Information we collect The personal information that you are asked to provide, and the reasons why you are asked [&hellip;]<\/p>\n","protected":false},"author":1,"featured_media":0,"parent":0,"menu_order":0,"comment_status":"closed","ping_status":"closed","template":"","meta":{"footnotes":""},"class_list":["post-72","page","type-page","status-publish","hentry"],"_links":{"self":[{"href":"https:\/\/vortexgenesisai.pro\/de\/wp-json\/wp\/v2\/pages\/72","targetHints":{"allow":["GET"]}}],"collection":[{"href":"https:\/\/vortexgenesisai.pro\/de\/wp-json\/wp\/v2\/pages"}],"about":[{"href":"https:\/\/vortexgenesisai.pro\/de\/wp-json\/wp\/v2\/types\/page"}],"author":[{"embeddable":true,"href":"https:\/\/vortexgenesisai.pro\/de\/wp-json\/wp\/v2\/users\/1"}],"replies":[{"embeddable":true,"href":"https:\/\/vortexgenesisai.pro\/de\/wp-json\/wp\/v2\/comments?post=72"}],"version-history":[{"count":40,"href":"https:\/\/vortexgenesisai.pro\/de\/wp-json\/wp\/v2\/pages\/72\/revisions"}],"predecessor-version":[{"id":1531,"href":"https:\/\/vortexgenesisai.pro\/de\/wp-json\/wp\/v2\/pages\/72\/revisions\/1531"}],"wp:attachment":[{"href":"https:\/\/vortexgenesisai.pro\/de\/wp-json\/wp\/v2\/media?parent=72"}],"curies":[{"name":"wp","href":"https:\/\/api.w.org\/{rel}","templated":true}]}}