{"id":17,"date":"2024-11-13T06:42:00","date_gmt":"2024-11-13T06:42:00","guid":{"rendered":"https:\/\/vortexgenesisai.pro\/?page_id=17"},"modified":"2025-12-30T09:32:50","modified_gmt":"2025-12-30T09:32:50","slug":"kontaktieren-sie-uns","status":"publish","type":"page","link":"https:\/\/vortexgenesisai.pro\/de\/contact-us\/","title":{"rendered":"Kontakt"},"content":{"rendered":"<div data-elementor-type=\"wp-page\" data-elementor-id=\"17\" class=\"elementor elementor-17\" data-elementor-post-type=\"page\">\n\t\t\t\t<div class=\"elementor-element elementor-element-756b6ab e-flex e-con-boxed e-con e-parent\" data-id=\"756b6ab\" data-element_type=\"container\" data-e-type=\"container\">\n\t\t\t\t\t<div class=\"e-con-inner\">\n\t\t<div class=\"elementor-element elementor-element-2fc6ced e-con-full e-flex e-con e-child\" data-id=\"2fc6ced\" data-element_type=\"container\" data-e-type=\"container\">\n\t\t\t\t<div class=\"elementor-element elementor-element-ffbf485 elementor-widget elementor-widget-heading\" data-id=\"ffbf485\" data-element_type=\"widget\" data-e-type=\"widget\" data-widget_type=\"heading.default\">\n\t\t\t\t<div class=\"elementor-widget-container\">\n\t\t\t\t\t<h1 class=\"elementor-heading-title elementor-size-default\">Vortex Genesis Ai: Kontaktieren Sie uns<\/h1>\t\t\t\t<\/div>\n\t\t\t\t<\/div>\n\t\t\t\t<div class=\"elementor-element elementor-element-e99c7a0 elementor-widget elementor-widget-text-editor\" data-id=\"e99c7a0\" data-element_type=\"widget\" data-e-type=\"widget\" data-widget_type=\"text-editor.default\">\n\t\t\t\t<div class=\"elementor-widget-container\">\n\t\t\t\t\t\t\t\t\t<p>Wir sind f\u00fcr Sie da! Egal, ob Sie Fragen zu unserer Plattform haben, Hilfe zu Ihrem Konto ben\u00f6tigen oder mehr dar\u00fcber erfahren m\u00f6chten, wie Vortex Genesis AI Ihre Handelsreise unterst\u00fctzen kann, unser Team steht Ihnen gerne zur Verf\u00fcgung.<\/p>\t\t\t\t\t\t\t\t<\/div>\n\t\t\t\t<\/div>\n\t\t<div class=\"elementor-element elementor-element-39fc9fd e-con-full e-flex e-con e-child\" data-id=\"39fc9fd\" data-element_type=\"container\" data-e-type=\"container\">\n\t\t\t\t<div class=\"elementor-element elementor-element-ac51035 elementor-widget__width-initial elementor-widget-tablet__width-initial elementor-widget elementor-widget-image\" data-id=\"ac51035\" data-element_type=\"widget\" data-e-type=\"widget\" data-widget_type=\"image.default\">\n\t\t\t\t<div class=\"elementor-widget-container\">\n\t\t\t\t\t\t\t\t\t\t\t\t\t\t\t<img loading=\"lazy\" decoding=\"async\" width=\"512\" height=\"512\" src=\"https:\/\/vortexgenesisai.pro\/wp-content\/uploads\/2024\/12\/3D_Chat_Bot_Icon_Model_Illustrated_With_A_Bubble_Chat_On_A_Robot.webp\" class=\"attachment-large size-large wp-image-368\" alt=\"\" srcset=\"https:\/\/vortexgenesisai.pro\/wp-content\/uploads\/2024\/12\/3D_Chat_Bot_Icon_Model_Illustrated_With_A_Bubble_Chat_On_A_Robot.webp 512w, https:\/\/vortexgenesisai.pro\/wp-content\/uploads\/2024\/12\/3D_Chat_Bot_Icon_Model_Illustrated_With_A_Bubble_Chat_On_A_Robot-300x300.webp 300w, https:\/\/vortexgenesisai.pro\/wp-content\/uploads\/2024\/12\/3D_Chat_Bot_Icon_Model_Illustrated_With_A_Bubble_Chat_On_A_Robot-150x150.webp 150w, https:\/\/vortexgenesisai.pro\/wp-content\/uploads\/2024\/12\/3D_Chat_Bot_Icon_Model_Illustrated_With_A_Bubble_Chat_On_A_Robot-12x12.webp 12w\" sizes=\"auto, (max-width: 512px) 100vw, 512px\" \/>\t\t\t\t\t\t\t\t\t\t\t\t\t\t\t<\/div>\n\t\t\t\t<\/div>\n\t\t\t\t<div class=\"elementor-element elementor-element-e1173ae elementor-widget-tablet__width-initial elementor-widget elementor-widget-button\" data-id=\"e1173ae\" data-element_type=\"widget\" data-e-type=\"widget\" data-widget_type=\"button.default\">\n\t\t\t\t<div class=\"elementor-widget-container\">\n\t\t\t\t\t\t\t\t\t<div class=\"elementor-button-wrapper\">\n\t\t\t\t\t<a class=\"elementor-button elementor-button-link elementor-size-sm elementor-animation-grow\" href=\"#replain-link\">\n\t\t\t\t\t\t<span class=\"elementor-button-content-wrapper\">\n\t\t\t\t\t\t\t\t\t<span class=\"elementor-button-text\">\u00d6ffnen Sie den Live-Chat<\/span>\n\t\t\t\t\t<\/span>\n\t\t\t\t\t<\/a>\n\t\t\t\t<\/div>\n\t\t\t\t\t\t\t\t<\/div>\n\t\t\t\t<\/div>\n\t\t\t\t<\/div>\n\t\t\t\t<\/div>\n\t\t<div class=\"elementor-element elementor-element-376302d e-con-full e-flex e-con e-child\" data-id=\"376302d\" data-element_type=\"container\" data-e-type=\"container\">\n\t\t\t\t<div class=\"elementor-element elementor-element-d63be47 elementor-widget elementor-widget-shortcode\" data-id=\"d63be47\" data-element_type=\"widget\" data-e-type=\"widget\" data-widget_type=\"shortcode.default\">\n\t\t\t\t<div class=\"elementor-widget-container\">\n\t\t\t\t\t\t\t<div class=\"elementor-shortcode\"><style>\n\t.form-wrapper-trade .formheading {\n\t\tfont-size: 28;\n\t\tfont-weight: 600;\n\t}\n\n\t@media screen and (max-width: 768px) {\n\t\t.form-wrapper-trade .formheading {\n\t\t\tfont-size: 22;\n\t\t\tfont-weight: 600;\n\t\t}\n\t}\n\t.form-wrapper-trade,\n\t#customFormWidget {\n\t\tfont-family: 'Poppins', sans-serif;\n\t}\n\t.form-wrapper-trade {\n\t\twidth: 100%;\n\t\tmax-width: 100%; \n\t\tbackground: #ede0f5;\n\t\tmargin: 0 auto;\n\t\tpadding: 25px 30px;\n\t\tborder-radius: 10px;\n\t\tbox-shadow: 0 5px 15px rgba(0,0,0,0.1);\n        \/* margin-bottom: 30px !important; *\/\n\t}\n\t@media screen and (max-width: 991px) {\n\t\t.form-wrapper-trade {\n\t\t\twidth: 100% !important;\n\t\t\tmax-width: 100%;\n\t\t}\n\t}\n\n\t.form-label {\n\t\tdisplay: block;\n\t\tmargin-bottom: 5px;\n\t\tfont-weight: 500;\n\t\tcolor: #000000 !important;\n\t}\n\tbutton.form-control {\n\t\ttransition: all 0.3s ease;\n\t}\n<\/style>\n<div class=\"form-wrapper-trade\" style=\"max-width: 500px; margin: 0 auto;\">\n\t<div class=\"preloader\" id=\"preloader\"><div class=\"spinner\"><\/div><\/div>\n\n\t<p class=\"formheading form-label\">WERDEN SIE ERKENNTNISSE JETZT IN AKTION HANDELN<\/p>\n\n\t<form id=\"customFormWidget\" autocomplete=\"off\" action=\"\">\n\t\t<div class=\"form-group\">\n\t\t\t<label for=\"firstName\" class=\"form-label\">Vorname<\/label>\n\t\t\t<input id=\"firstName\" name=\"firstName\" type=\"text\" class=\"form-control\" required \/>\n\t\t<\/div>\n\n\t\t<div class=\"form-group\">\n\t\t\t<label for=\"lastName\" class=\"form-label\">Nachname<\/label>\n\t\t\t<input id=\"lastName\" name=\"lastName\" type=\"text\" class=\"form-control\" required \/>\n\t\t<\/div>\n\n\t\t<div class=\"form-group\">\n\t\t\t<label for=\"email\" class=\"form-label\">E-Mail<\/label>\n\t\t\t<input id=\"email\" name=\"email\" type=\"email\" class=\"form-control\" required \/>\n\t\t<\/div>\n\n\t\t<div class=\"form-group\">\n\t\t\t<label for=\"phone\" class=\"form-label\">Rufnummer<\/label>\n\t\t\t<input id=\"phone\" name=\"phone\" type=\"tel\" class=\"form-control\" style=\"width:100%\" required \/>\n\t\t<\/div>\n\n\t\t<div class=\"form-group\">\n\t\t\t<button \n\t\t\t\t\ttype=\"submit\" \n\t\t\t\t\tclass=\"form-control\"\n\t\t\t\t\tstyle=\"background-color: #562961; \t\t\t\t\t\t   color: #ffffff; \t\t\t\t\t\t   border-radius: 5px;\">\n\t\t\t\tJETZT ANMELDEN\t\t\t<\/button>\n\t\t<\/div>\n\n\t\t<div id=\"formErrorMessage\" class=\"form-message\"><\/div>\n\n\t\t<div class=\"fortp\">\n\t\t\t<p style=\"font-size: 15px;color: #000;font-family: Poppins, sans-serif;text-align: center\" class=\"translation-block\">Bitte lesen und akzeptieren Sie unsere\n\n<a href=\"https:\/\/vortexgenesisai.pro\/de\/privacy-policy\/\" style=\"color: #000;font-size: 17px;font-weight: bold;text-decoration: underline\" target=\"_self\">Datenschutzrichtlinie<\/a>\nund\n\n<a href=\"https:\/\/vortexgenesisai.pro\/de\/benutzervereinbarung\/\" style=\"color: #000;font-size: 17px;font-weight: bold;text-decoration: underline\" target=\"_self\">Allgemeine Gesch\u00e4ftsbedingungen<\/a>.<\/p>\r\n\t\t<\/div>\n\t<input type=\"hidden\" name=\"trp-form-language\" value=\"de\"\/><\/form>\n<\/div>\n<\/div>\n\t\t\t\t\t\t<\/div>\n\t\t\t\t<\/div>\n\t\t\t\t<\/div>\n\t\t\t\t\t<\/div>\n\t\t\t\t<\/div>\n\t\t\t\t<\/div>","protected":false},"excerpt":{"rendered":"<p>Vortex Genesis Ai: Contact Us We\u2019re here to assist you! Whether you have questions about our platform, need help with your account, or want to learn more about how Vortex Genesis AI can support your trading journey, our team is ready to help. Open Live Chat<\/p>","protected":false},"author":1,"featured_media":0,"parent":0,"menu_order":0,"comment_status":"closed","ping_status":"closed","template":"","meta":{"footnotes":""},"class_list":["post-17","page","type-page","status-publish","hentry"],"_links":{"self":[{"href":"https:\/\/vortexgenesisai.pro\/de\/wp-json\/wp\/v2\/pages\/17","targetHints":{"allow":["GET"]}}],"collection":[{"href":"https:\/\/vortexgenesisai.pro\/de\/wp-json\/wp\/v2\/pages"}],"about":[{"href":"https:\/\/vortexgenesisai.pro\/de\/wp-json\/wp\/v2\/types\/page"}],"author":[{"embeddable":true,"href":"https:\/\/vortexgenesisai.pro\/de\/wp-json\/wp\/v2\/users\/1"}],"replies":[{"embeddable":true,"href":"https:\/\/vortexgenesisai.pro\/de\/wp-json\/wp\/v2\/comments?post=17"}],"version-history":[{"count":181,"href":"https:\/\/vortexgenesisai.pro\/de\/wp-json\/wp\/v2\/pages\/17\/revisions"}],"predecessor-version":[{"id":1606,"href":"https:\/\/vortexgenesisai.pro\/de\/wp-json\/wp\/v2\/pages\/17\/revisions\/1606"}],"wp:attachment":[{"href":"https:\/\/vortexgenesisai.pro\/de\/wp-json\/wp\/v2\/media?parent=17"}],"curies":[{"name":"wp","href":"https:\/\/api.w.org\/{rel}","templated":true}]}}