{"id":14,"date":"2024-11-13T06:41:21","date_gmt":"2024-11-13T06:41:21","guid":{"rendered":"https:\/\/vortexgenesisai.pro\/?page_id=14"},"modified":"2025-06-13T10:48:07","modified_gmt":"2025-06-13T10:48:07","slug":"um","status":"publish","type":"page","link":"https:\/\/vortexgenesisai.pro\/de\/about\/","title":{"rendered":"\u00dcber"},"content":{"rendered":"<div data-elementor-type=\"wp-page\" data-elementor-id=\"14\" class=\"elementor elementor-14\" data-elementor-post-type=\"page\">\n\t\t\t\t<div class=\"elementor-element elementor-element-b48d33c e-flex e-con-boxed e-con e-parent\" data-id=\"b48d33c\" data-element_type=\"container\" data-e-type=\"container\" data-settings=\"{&quot;background_background&quot;:&quot;classic&quot;}\">\n\t\t\t\t\t<div class=\"e-con-inner\">\n\t\t\t\t<div class=\"elementor-element elementor-element-b9fc07d elementor-widget elementor-widget-heading\" data-id=\"b9fc07d\" data-element_type=\"widget\" data-e-type=\"widget\" data-widget_type=\"heading.default\">\n\t\t\t\t<div class=\"elementor-widget-container\">\n\t\t\t\t\t<h1 class=\"elementor-heading-title elementor-size-default\"> Entdecken Sie Vortex Genesis AI<\/h1>\t\t\t\t<\/div>\n\t\t\t\t<\/div>\n\t\t\t\t\t<\/div>\n\t\t\t\t<\/div>\n\t\t<div class=\"elementor-element elementor-element-1a02b99 e-flex e-con-boxed e-con e-parent\" data-id=\"1a02b99\" data-element_type=\"container\" data-e-type=\"container\" data-settings=\"{&quot;background_background&quot;:&quot;classic&quot;}\">\n\t\t\t\t\t<div class=\"e-con-inner\">\n\t\t<div class=\"elementor-element elementor-element-823b22b e-con-full e-flex e-con e-child\" data-id=\"823b22b\" data-element_type=\"container\" data-e-type=\"container\">\n\t\t\t\t<div class=\"elementor-element elementor-element-32140ad elementor-widget elementor-widget-heading\" data-id=\"32140ad\" data-element_type=\"widget\" data-e-type=\"widget\" data-widget_type=\"heading.default\">\n\t\t\t\t<div class=\"elementor-widget-container\">\n\t\t\t\t\t<h2 class=\"elementor-heading-title elementor-size-default\">Was ist das Vortex Genesis AI Cloud System?<\/h2>\t\t\t\t<\/div>\n\t\t\t\t<\/div>\n\t\t\t\t<div class=\"elementor-element elementor-element-9312566 elementor-widget elementor-widget-text-editor\" data-id=\"9312566\" data-element_type=\"widget\" data-e-type=\"widget\" data-widget_type=\"text-editor.default\">\n\t\t\t\t<div class=\"elementor-widget-container\">\n\t\t\t\t\t\t\t\t\t<p>Aktien haben sich zu einer der gefragtesten Anlagem\u00f6glichkeiten weltweit entwickelt und \u00fcbertrafen im letzten Jahrzehnt durchweg die traditionellen M\u00e4rkte. Mit einem 24\/7-Betriebsmarkt bieten sie Anlegern beispiellose M\u00f6glichkeiten, von der Marktdynamik zu profitieren.<\/p><p>Vortex Genesis AI steht an der Spitze dieser Entwicklung und nutzt modernste Technologie, um H\u00e4ndlern auf den M\u00e4rkten f\u00fcr Aktien und digitale Verm\u00f6genswerte mehr M\u00f6glichkeiten zu bieten. Seit ihrer Einf\u00fchrung hat die Plattform den Handel revolutioniert und bietet ein robustes System, das darauf ausgelegt ist, den Erfolg in diesem schnelllebigen Bereich zu maximieren.<\/p><p>Vortex Genesis AI nutzt unsere firmeneigene Technologie und intuitive, KI-gest\u00fctzte Software, um pr\u00e4zise Handelssignale in Echtzeit zu liefern. Diese von erfahrenen H\u00e4ndlern verifizierten Signale gew\u00e4hrleisten Genauigkeit und Zuverl\u00e4ssigkeit und erm\u00f6glichen es Nutzern, sich sicher im Markt zu bewegen. Mit \u00fcber 100 handelbaren Assets analysieren unsere fortschrittlichen Algorithmen Marktdaten, um profitable Gelegenheiten zu identifizieren und den Handelsprozess f\u00fcr alle Nutzer zu vereinfachen.<\/p><p>Was Vortex Genesis AI auszeichnet, ist seine m\u00fchelose Benutzerfreundlichkeit. Mit minimalem Aufwand k\u00f6nnen H\u00e4ndler erhebliche Gewinne erzielen. Indem sie ihre Handelspr\u00e4ferenzen festlegen, \u00fcbernimmt das System die Analyse der M\u00e4rkte, die Generierung gewinnbringender Signale und die automatische Ausf\u00fchrung von Gesch\u00e4ften mit nur wenigen Klicks.<\/p><p>Ganz gleich, ob Sie neu im Trading sind oder ein erfahrener Investor: Vortex Genesis AI bietet eine nahtlose, effiziente und profitable M\u00f6glichkeit, mit den dynamischen Aktien- und Digital-Asset-M\u00e4rkten in Kontakt zu treten.<\/p>\t\t\t\t\t\t\t\t<\/div>\n\t\t\t\t<\/div>\n\t\t\t\t<\/div>\n\t\t\t\t\t<\/div>\n\t\t\t\t<\/div>\n\t\t<div class=\"elementor-element elementor-element-792baaf e-flex e-con-boxed e-con e-parent\" data-id=\"792baaf\" data-element_type=\"container\" data-e-type=\"container\">\n\t\t\t\t\t<div class=\"e-con-inner\">\n\t\t<div class=\"elementor-element elementor-element-000d95a e-con-full e-flex e-con e-child\" data-id=\"000d95a\" data-element_type=\"container\" data-e-type=\"container\">\n\t\t\t\t<div class=\"elementor-element elementor-element-4931f46 elementor-widget elementor-widget-heading\" data-id=\"4931f46\" data-element_type=\"widget\" data-e-type=\"widget\" data-widget_type=\"heading.default\">\n\t\t\t\t<div class=\"elementor-widget-container\">\n\t\t\t\t\t<h2 class=\"elementor-heading-title elementor-size-default\">Revolutionieren Sie den Handel mit Vortex Genesis AI<\/h2>\t\t\t\t<\/div>\n\t\t\t\t<\/div>\n\t\t\t\t<div class=\"elementor-element elementor-element-56377e3 elementor-widget-divider--view-line elementor-widget elementor-widget-divider\" data-id=\"56377e3\" data-element_type=\"widget\" data-e-type=\"widget\" data-widget_type=\"divider.default\">\n\t\t\t\t<div class=\"elementor-widget-container\">\n\t\t\t\t\t\t\t<div class=\"elementor-divider\">\n\t\t\t<span class=\"elementor-divider-separator\">\n\t\t\t\t\t\t<\/span>\n\t\t<\/div>\n\t\t\t\t\t\t<\/div>\n\t\t\t\t<\/div>\n\t\t\t\t<div class=\"elementor-element elementor-element-6c67d4e elementor-widget elementor-widget-text-editor\" data-id=\"6c67d4e\" data-element_type=\"widget\" data-e-type=\"widget\" data-widget_type=\"text-editor.default\">\n\t\t\t\t<div class=\"elementor-widget-container\">\n\t\t\t\t\t\t\t\t\t<p>Nutzen Sie die Leistungsf\u00e4higkeit fortschrittlicher KI-Algorithmen, die Markttrends in Echtzeit analysieren und Gesch\u00e4fte pr\u00e4zise ausf\u00fchren, um eine Gewinnoptimierung rund um die Uhr sicherzustellen.<\/p>\t\t\t\t\t\t\t\t<\/div>\n\t\t\t\t<\/div>\n\t\t\t\t<\/div>\n\t\t<div class=\"elementor-element elementor-element-dc529dc e-con-full e-flex e-con e-child\" data-id=\"dc529dc\" data-element_type=\"container\" data-e-type=\"container\">\n\t\t\t\t<div class=\"elementor-element elementor-element-80d1386 elementor-widget elementor-widget-heading\" data-id=\"80d1386\" data-element_type=\"widget\" data-e-type=\"widget\" data-widget_type=\"heading.default\">\n\t\t\t\t<div class=\"elementor-widget-container\">\n\t\t\t\t\t<h2 class=\"elementor-heading-title elementor-size-default\">Sicherheit auf Bankniveau, der Sie vertrauen k\u00f6nnen<\/h2>\t\t\t\t<\/div>\n\t\t\t\t<\/div>\n\t\t\t\t<div class=\"elementor-element elementor-element-1bb41c8 elementor-widget-divider--view-line elementor-widget elementor-widget-divider\" data-id=\"1bb41c8\" data-element_type=\"widget\" data-e-type=\"widget\" data-widget_type=\"divider.default\">\n\t\t\t\t<div class=\"elementor-widget-container\">\n\t\t\t\t\t\t\t<div class=\"elementor-divider\">\n\t\t\t<span class=\"elementor-divider-separator\">\n\t\t\t\t\t\t<\/span>\n\t\t<\/div>\n\t\t\t\t\t\t<\/div>\n\t\t\t\t<\/div>\n\t\t\t\t<div class=\"elementor-element elementor-element-93c6021 elementor-widget elementor-widget-text-editor\" data-id=\"93c6021\" data-element_type=\"widget\" data-e-type=\"widget\" data-widget_type=\"text-editor.default\">\n\t\t\t\t<div class=\"elementor-widget-container\">\n\t\t\t\t\t\t\t\t\t<p>Bei Vortex Genesis AI werden Ihre Verm\u00f6genswerte und Daten durch Verschl\u00fcsselung auf Milit\u00e4rniveau und robuste Multi-Faktor-Authentifizierung gesch\u00fctzt, sodass jederzeit erstklassiger Schutz gew\u00e4hrleistet ist.<\/p>\t\t\t\t\t\t\t\t<\/div>\n\t\t\t\t<\/div>\n\t\t\t\t<\/div>\n\t\t<div class=\"elementor-element elementor-element-b2cec67 e-con-full e-flex e-con e-child\" data-id=\"b2cec67\" data-element_type=\"container\" data-e-type=\"container\">\n\t\t\t\t<div class=\"elementor-element elementor-element-6271488 elementor-widget elementor-widget-heading\" data-id=\"6271488\" data-element_type=\"widget\" data-e-type=\"widget\" data-widget_type=\"heading.default\">\n\t\t\t\t<div class=\"elementor-widget-container\">\n\t\t\t\t\t<h2 class=\"elementor-heading-title elementor-size-default\">M\u00fcheloses mobiles Handelserlebnis<\/h2>\t\t\t\t<\/div>\n\t\t\t\t<\/div>\n\t\t\t\t<div class=\"elementor-element elementor-element-c0cfe22 elementor-widget-divider--view-line elementor-widget elementor-widget-divider\" data-id=\"c0cfe22\" data-element_type=\"widget\" data-e-type=\"widget\" data-widget_type=\"divider.default\">\n\t\t\t\t<div class=\"elementor-widget-container\">\n\t\t\t\t\t\t\t<div class=\"elementor-divider\">\n\t\t\t<span class=\"elementor-divider-separator\">\n\t\t\t\t\t\t<\/span>\n\t\t<\/div>\n\t\t\t\t\t\t<\/div>\n\t\t\t\t<\/div>\n\t\t\t\t<div class=\"elementor-element elementor-element-20b3ed0 elementor-widget elementor-widget-text-editor\" data-id=\"20b3ed0\" data-element_type=\"widget\" data-e-type=\"widget\" data-widget_type=\"text-editor.default\">\n\t\t\t\t<div class=\"elementor-widget-container\">\n\t\t\t\t\t\t\t\t\t<p>Behalten Sie mit der mobilen Vortex Genesis AI-App jederzeit und \u00fcberall die Kontrolle \u00fcber Ihre Investitionen \u2013 entwickelt f\u00fcr nahtlose Leistung auf iOS- und Android-Ger\u00e4ten.<\/p>\t\t\t\t\t\t\t\t<\/div>\n\t\t\t\t<\/div>\n\t\t\t\t<\/div>\n\t\t\t\t\t<\/div>\n\t\t\t\t<\/div>\n\t\t<div class=\"elementor-element elementor-element-26e6d5d e-flex e-con-boxed e-con e-parent\" data-id=\"26e6d5d\" data-element_type=\"container\" data-e-type=\"container\">\n\t\t\t\t\t<div class=\"e-con-inner\">\n\t\t\t\t<div class=\"elementor-element elementor-element-93a7539 elementor-widget elementor-widget-spacer\" data-id=\"93a7539\" data-element_type=\"widget\" data-e-type=\"widget\" data-widget_type=\"spacer.default\">\n\t\t\t\t<div class=\"elementor-widget-container\">\n\t\t\t\t\t\t\t<div class=\"elementor-spacer\">\n\t\t\t<div class=\"elementor-spacer-inner\"><\/div>\n\t\t<\/div>\n\t\t\t\t\t\t<\/div>\n\t\t\t\t<\/div>\n\t\t\t\t<div class=\"elementor-element elementor-element-d574bc1 elementor-widget elementor-widget-heading\" data-id=\"d574bc1\" data-element_type=\"widget\" data-e-type=\"widget\" data-widget_type=\"heading.default\">\n\t\t\t\t<div class=\"elementor-widget-container\">\n\t\t\t\t\t<h2 class=\"elementor-heading-title elementor-size-default\">Vereinfachung von Investitionen durch Innovation: Vortex Genesis AI<\/h2>\t\t\t\t<\/div>\n\t\t\t\t<\/div>\n\t\t\t\t\t<\/div>\n\t\t\t\t<\/div>\n\t\t<div class=\"elementor-element elementor-element-5a26240 e-flex e-con-boxed e-con e-parent\" data-id=\"5a26240\" data-element_type=\"container\" data-e-type=\"container\">\n\t\t\t\t\t<div class=\"e-con-inner\">\n\t\t<div class=\"elementor-element elementor-element-bf6af4f e-con-full e-flex e-con e-child\" data-id=\"bf6af4f\" data-element_type=\"container\" data-e-type=\"container\">\n\t\t\t\t<div class=\"elementor-element elementor-element-672c170 elementor-widget elementor-widget-text-editor\" data-id=\"672c170\" data-element_type=\"widget\" data-e-type=\"widget\" data-widget_type=\"text-editor.default\">\n\t\t\t\t<div class=\"elementor-widget-container\">\n\t\t\t\t\t\t\t\t\t<p>In einer Branche, die oft als komplex und entmutigend angesehen wird, gl\u00e4nzt Vortex Genesis AI als eine S\u00e4ule der Innovation. Seine Gr\u00fcndung steht f\u00fcr die Verpflichtung, fachm\u00e4nnische Finanzkenntnisse mit KI-gesteuerter Anpassung zu verbinden und so den Weg zur Anlagekompetenz wie nie zuvor zu vereinfachen.<\/p><p>Durch die Kombination technologischer F\u00e4higkeiten mit einem angeborenen Sinn f\u00fcr Neugier stattet Vortex Genesis AI seine Benutzer mit den notwendigen Tools und Erkenntnissen aus, um ihre Investitionspfade selbstbewusst einzuschlagen.<\/p>\t\t\t\t\t\t\t\t<\/div>\n\t\t\t\t<\/div>\n\t\t\t\t<\/div>\n\t\t<div class=\"elementor-element elementor-element-1753d5e e-con-full e-flex e-con e-child\" data-id=\"1753d5e\" data-element_type=\"container\" data-e-type=\"container\">\n\t\t\t\t<div class=\"elementor-element elementor-element-96ad110 elementor-widget__width-initial elementor-widget-tablet__width-initial elementor-widget elementor-widget-image\" data-id=\"96ad110\" data-element_type=\"widget\" data-e-type=\"widget\" data-widget_type=\"image.default\">\n\t\t\t\t<div class=\"elementor-widget-container\">\n\t\t\t\t\t\t\t\t\t\t\t\t\t\t\t<img loading=\"lazy\" decoding=\"async\" width=\"740\" height=\"493\" src=\"https:\/\/vortexgenesisai.pro\/wp-content\/uploads\/2024\/11\/people-taking-part-business-event_23-2149346616.jpg\" class=\"attachment-large size-large wp-image-91\" alt=\"people-taking-part-business-event_23-\" srcset=\"https:\/\/vortexgenesisai.pro\/wp-content\/uploads\/2024\/11\/people-taking-part-business-event_23-2149346616.jpg 740w, https:\/\/vortexgenesisai.pro\/wp-content\/uploads\/2024\/11\/people-taking-part-business-event_23-2149346616-300x200.jpg 300w\" sizes=\"auto, (max-width: 740px) 100vw, 740px\" \/>\t\t\t\t\t\t\t\t\t\t\t\t\t\t\t<\/div>\n\t\t\t\t<\/div>\n\t\t\t\t<\/div>\n\t\t\t\t\t<\/div>\n\t\t\t\t<\/div>\n\t\t<div class=\"elementor-element elementor-element-b46e640 e-flex e-con-boxed e-con e-parent\" data-id=\"b46e640\" data-element_type=\"container\" data-e-type=\"container\">\n\t\t\t\t\t<div class=\"e-con-inner\">\n\t\t\t\t<div class=\"elementor-element elementor-element-d41bf0a elementor-widget elementor-widget-spacer\" data-id=\"d41bf0a\" data-element_type=\"widget\" data-e-type=\"widget\" data-widget_type=\"spacer.default\">\n\t\t\t\t<div class=\"elementor-widget-container\">\n\t\t\t\t\t\t\t<div class=\"elementor-spacer\">\n\t\t\t<div class=\"elementor-spacer-inner\"><\/div>\n\t\t<\/div>\n\t\t\t\t\t\t<\/div>\n\t\t\t\t<\/div>\n\t\t\t\t\t<\/div>\n\t\t\t\t<\/div>\n\t\t\t\t<\/div>","protected":false},"excerpt":{"rendered":"<p>Explore Vortex Genesis AI What is the Vortex Genesis AI Cloud System? Stocks have become one of the most sought-after investment options worldwide, consistently outperforming traditional markets over the past decade. With a 24\/7 operational market, they offer unparalleled opportunities for investors to capitalize on market dynamics. Vortex Genesis AI is at the forefront of [&hellip;]<\/p>\n","protected":false},"author":1,"featured_media":0,"parent":0,"menu_order":0,"comment_status":"closed","ping_status":"closed","template":"","meta":{"footnotes":""},"class_list":["post-14","page","type-page","status-publish","hentry"],"_links":{"self":[{"href":"https:\/\/vortexgenesisai.pro\/de\/wp-json\/wp\/v2\/pages\/14","targetHints":{"allow":["GET"]}}],"collection":[{"href":"https:\/\/vortexgenesisai.pro\/de\/wp-json\/wp\/v2\/pages"}],"about":[{"href":"https:\/\/vortexgenesisai.pro\/de\/wp-json\/wp\/v2\/types\/page"}],"author":[{"embeddable":true,"href":"https:\/\/vortexgenesisai.pro\/de\/wp-json\/wp\/v2\/users\/1"}],"replies":[{"embeddable":true,"href":"https:\/\/vortexgenesisai.pro\/de\/wp-json\/wp\/v2\/comments?post=14"}],"version-history":[{"count":61,"href":"https:\/\/vortexgenesisai.pro\/de\/wp-json\/wp\/v2\/pages\/14\/revisions"}],"predecessor-version":[{"id":1537,"href":"https:\/\/vortexgenesisai.pro\/de\/wp-json\/wp\/v2\/pages\/14\/revisions\/1537"}],"wp:attachment":[{"href":"https:\/\/vortexgenesisai.pro\/de\/wp-json\/wp\/v2\/media?parent=14"}],"curies":[{"name":"wp","href":"https:\/\/api.w.org\/{rel}","templated":true}]}}